{"id":1181,"date":"2021-10-27T07:48:08","date_gmt":"2021-10-27T07:48:08","guid":{"rendered":"https:\/\/adforestpro.scriptsbundle.com\/demo-bakery\/?page_id=1181"},"modified":"2023-04-24T19:38:23","modified_gmt":"2023-04-24T19:38:23","slug":"peanuts-classified-2","status":"publish","type":"page","link":"https:\/\/staging.almoqayada.com\/ar\/","title":{"rendered":"ALMOQAYADA_\u0627\u0644\u0645\u0642\u0627\u064a\u0636\u0629"},"content":{"rendered":"<p>[vc_row][vc_column][adforest_hero_decoration heading_1=&#8221;Sur ALMOQAYADA All\u00e9gez Votre Maison, Troquez, Faites l&#8217;\u00e9change et Meublez \u00e0 Bon Prix&#8221; banner_description=&#8221;Rechercher votre besoin et recevez des propositions de troc et des offres d\u2019acheteurs potentiels et faites-vous livrer sans avoir \u00e0 vous d\u00e9placer&#8221; bg_image=&#8221;4169&#8243; cats=&#8221;%5B%7B%22cat%22%3A%222022%22%2C%22img%22%3A%221188%22%7D%2C%7B%22cat%22%3A%2272%22%2C%22img%22%3A%221189%22%7D%2C%7B%22cat%22%3A%222008%22%2C%22img%22%3A%223187%22%7D%2C%7B%22cat%22%3A%2243%22%2C%22img%22%3A%223180%22%7D%2C%7B%22cat%22%3A%2271%22%2C%22img%22%3A%223186%22%7D%2C%7B%22cat%22%3A%2251%22%2C%22img%22%3A%221185%22%7D%5D&#8221;][\/vc_column][\/vc_row][vc_row][vc_column][why_us_short_base section_bg=&#8221;gray&#8221; header_style=&#8221;classic&#8221; facts=&#8221;%5B%7B%22title%22%3A%22Pourquoi%20Nous%20Choisir%22%7D%2C%7B%22title%22%3A%22Notre%20Mission%22%7D%2C%7B%22title%22%3A%22Que%20des%20Solutions%20Creative%22%7D%5D&#8221;][\/vc_column][\/vc_row][vc_row][vc_column][ads_short_base header_style=&#8221;classic&#8221; section_description=&#8221;D\u00c9COUVREZ NOS PRODUITS D&#8217;OCCASION&#8221; ad_type=&#8221;regular&#8221; ad_order=&#8221;desc&#8221; layout_type=&#8221;grid_4&#8243; no_of_ads=&#8221;4&#8243; cats=&#8221;%5B%7B%22cat%22%3A%222022%22%7D%2C%7B%22cat%22%3A%222025%22%7D%2C%7B%22cat%22%3A%222020%22%7D%2C%7B%22cat%22%3A%222026%22%7D%2C%7B%22cat%22%3A%2268%22%7D%2C%7B%22cat%22%3A%22274%22%7D%5D&#8221; section_title=&#8221;Derni\u00e8res {color} Annonces En vedette{\/color}&#8221;][\/vc_column][\/vc_row][vc_row][vc_column][ads_listshort_base section_bg=&#8221;bg-gray&#8221; section_title=&#8221;Derni\u00e8res {color}Annonces Tendances {\/color}&#8221; section_description=&#8221;Nouveaut\u00e9 et Derni\u00e8res Tendances&#8221; ad_type=&#8221;both&#8221; ad_order=&#8221;desc&#8221; no_of_ads=&#8221;4&#8243; cats=&#8221;%5B%7B%22cat%22%3A%222022%22%7D%2C%7B%22cat%22%3A%222025%22%7D%2C%7B%22cat%22%3A%222020%22%7D%2C%7B%22cat%22%3A%2281%22%7D%2C%7B%22cat%22%3A%2266%22%7D%2C%7B%22cat%22%3A%2252%22%7D%2C%7B%22cat%22%3A%22274%22%7D%2C%7B%22cat%22%3A%2267%22%7D%5D&#8221; main_link=&#8221;url:https%3A%2F%2Fstaging.almoqayada.com%2Fappfr%2Fliste-des-annonces%2F|title:Voir%20Plus&#8221;][shop_layout_modern_short_base header_style=&#8221;regular&#8221; section_title_regular=&#8221;Boutique&#8221; max_limit=&#8221;4&#8243; p_cols=&#8221;3&#8243; all_products=&#8221;selective&#8221; woo_products=&#8221;%5B%7B%22product%22%3A%22electronics%22%7D%2C%7B%22product%22%3A%22informatique-et-multimedia-produits%22%7D%2C%7B%22product%22%3A%22boutic-et-soldes-produits%22%7D%2C%7B%22product%22%3A%22categories-payer-par-publication%22%7D%2C%7B%22product%22%3A%22categories-pay-per-post%22%7D%5D&#8221;][vc_masonry_grid post_type=&#8221;post&#8221; max_items=&#8221;5&#8243; style=&#8221;lazy&#8221; items_per_page=&#8221;4&#8243; show_filter=&#8221;yes&#8221; element_width=&#8221;2&#8243; gap=&#8221;20&#8243; filter_style=&#8221;filled&#8221; filter_default_title=&#8221;Actus&#8221; filter_size=&#8221;lg&#8221; item=&#8221;basicGrid_VerticalFlip&#8221; initial_loading_animation=&#8221;fadeIn&#8221; grid_id=&#8221;vc_gid:1682364687079-b0c27fdee80c07dba91b87872a19a4e5-8&#8243; filter_source=&#8221;category&#8221; el_id=&#8221;Actus&#8221;][apps_call_to_action points=&#8221;%5B%7B%22point%22%3A%22Trouvez%20des%20Biens%20%C3%A0%20Echanger%2C%20vendre%20ou%20acheter%20%C3%A0%20proximit%C3%A9%20a%20travers%20le%20r%C3%A9seau%20ALMOQAYADA%22%7D%2C%7B%22point%22%3A%22Louez%20et%20Echangez%20des%20appartements%20de%20vacance%20et%20autres%20si%20facilement%20d&#8217;un%20simple%20geste%20!%22%7D%2C%7B%22point%22%3A%22D%C3%A9couvrez%20les%20Soldes%20des%20boutiques%20de%20tout%20ce%20qui%20est%20Habillement%20et%20Mode%2C%20si%20facilement%20le%20tout%20dans%20un%20seul%20endroit%20!%22%7D%2C%7B%22point%22%3A%22Parcourez%20les%20avis%20de%20professionnels%20pour%20choisir%20vos%20opportunit%C3%A9%20de%20Collaboration%20et%20Offre%20de%20service%22%7D%5D&#8221; buttons=&#8221;%5B%7B%22btn_link%22%3A%22https%3A%2F%2Fplay.google.com%2Fstore%2Fapps%2Fdetails%3Fid%3Dcom.almoqayada.app%22%2C%22btn_txt_1%22%3A%22Sur%20PlayStore%22%2C%22img%22%3A%221025%22%7D%5D&#8221; main_quote=&#8221;Obtenez l&#8217;application maintenant&#8221; section_title=&#8221;T\u00e9l\u00e9charger L&#8217;application&#8221; section_desc=&#8221;L&#8217;appli ALMOQAYADA.com est le meilleur moyen de trouver vos Marchands d&#8217;occasion locales&#8221; side_bg=&#8221;4030&#8243;][partners_sliders_short_base clients=&#8221;%5B%7B%22logo%22%3A%223716%22%2C%22link%22%3A%22https%3A%2F%2F42projets.com%2F%22%7D%2C%7B%22logo%22%3A%223875%22%2C%22link%22%3A%22https%3A%2F%2Falluniforms.net%2F%22%7D%2C%7B%22logo%22%3A%223717%22%2C%22link%22%3A%22https%3A%2F%2Fhappeningspace.com%2F%22%7D%2C%7B%22logo%22%3A%224034%22%2C%22link%22%3A%22https%3A%2F%2Fstaging.almoqayada.com%2Fpro%2F%22%7D%5D&#8221;][\/vc_column][\/vc_row]<\/p>\n","protected":false},"excerpt":{"rendered":"<p>[vc_row][vc_column][adforest_hero_decoration heading_1=&#8221;Sur ALMOQAYADA All\u00e9gez Votre Maison, Troquez, Faites l&#8217;\u00e9change et Meublez \u00e0 Bon Prix&#8221; banner_description=&#8221;Rechercher votre besoin et recevez des propositions de troc et des offres d\u2019acheteurs potentiels et faites-vous livrer sans avoir \u00e0 vous d\u00e9placer&#8221; bg_image=&#8221;4169&#8243; cats=&#8221;%5B%7B%22cat%22%3A%222022%22%2C%22img%22%3A%221188%22%7D%2C%7B%22cat%22%3A%2272%22%2C%22img%22%3A%221189%22%7D%2C%7B%22cat%22%3A%222008%22%2C%22img%22%3A%223187%22%7D%2C%7B%22cat%22%3A%2243%22%2C%22img%22%3A%223180%22%7D%2C%7B%22cat%22%3A%2271%22%2C%22img%22%3A%223186%22%7D%2C%7B%22cat%22%3A%2251%22%2C%22img%22%3A%221185%22%7D%5D&#8221;][\/vc_column][\/vc_row][vc_row][vc_column][why_us_short_base section_bg=&#8221;gray&#8221; header_style=&#8221;classic&#8221; facts=&#8221;%5B%7B%22title%22%3A%22Pourquoi%20Nous%20Choisir%22%7D%2C%7B%22title%22%3A%22Notre%20Mission%22%7D%2C%7B%22title%22%3A%22Que%20des%20Solutions%20Creative%22%7D%5D&#8221;][\/vc_column][\/vc_row][vc_row][vc_column][ads_short_base header_style=&#8221;classic&#8221; section_description=&#8221;D\u00c9COUVREZ NOS PRODUITS D&#8217;OCCASION&#8221; ad_type=&#8221;regular&#8221; ad_order=&#8221;desc&#8221; layout_type=&#8221;grid_4&#8243; no_of_ads=&#8221;4&#8243; cats=&#8221;%5B%7B%22cat%22%3A%222022%22%7D%2C%7B%22cat%22%3A%222025%22%7D%2C%7B%22cat%22%3A%222020%22%7D%2C%7B%22cat%22%3A%222026%22%7D%2C%7B%22cat%22%3A%2268%22%7D%2C%7B%22cat%22%3A%22274%22%7D%5D&#8221; section_title=&#8221;Derni\u00e8res {color} Annonces En [&hellip;]<\/p>\n","protected":false},"author":1,"featured_media":0,"parent":0,"menu_order":0,"comment_status":"closed","ping_status":"closed","template":"page-home.php","meta":{"footnotes":""},"class_list":["post-1181","page","type-page","status-publish","hentry"],"yoast_head":"<!-- This site is optimized with the Yoast SEO plugin v26.9 - https:\/\/yoast.com\/product\/yoast-seo-wordpress\/ -->\n<title>ALMOQAYADA_\u0627\u0644\u0645\u0642\u0627\u064a\u0636\u0629 - ALMOQAYADA<\/title>\n<meta name=\"robots\" content=\"index, follow, max-snippet:-1, max-image-preview:large, max-video-preview:-1\" \/>\n<link rel=\"canonical\" href=\"https:\/\/staging.almoqayada.com\/ar\/\" \/>\n<meta property=\"og:locale\" content=\"ar_AR\" \/>\n<meta property=\"og:type\" content=\"article\" \/>\n<meta property=\"og:title\" content=\"ALMOQAYADA_\u0627\u0644\u0645\u0642\u0627\u064a\u0636\u0629 - ALMOQAYADA\" \/>\n<meta property=\"og:description\" content=\"[vc_row][vc_column][adforest_hero_decoration heading_1=&#8221;Sur ALMOQAYADA All\u00e9gez Votre Maison, Troquez, Faites l&#8217;\u00e9change et Meublez \u00e0 Bon Prix&#8221; banner_description=&#8221;Rechercher votre besoin et recevez des propositions de troc et des offres d\u2019acheteurs potentiels et faites-vous livrer sans avoir \u00e0 vous d\u00e9placer&#8221; bg_image=&#8221;4169&#8243; cats=&#8221;%5B%7B%22cat%22%3A%222022%22%2C%22img%22%3A%221188%22%7D%2C%7B%22cat%22%3A%2272%22%2C%22img%22%3A%221189%22%7D%2C%7B%22cat%22%3A%222008%22%2C%22img%22%3A%223187%22%7D%2C%7B%22cat%22%3A%2243%22%2C%22img%22%3A%223180%22%7D%2C%7B%22cat%22%3A%2271%22%2C%22img%22%3A%223186%22%7D%2C%7B%22cat%22%3A%2251%22%2C%22img%22%3A%221185%22%7D%5D&#8221;][\/vc_column][\/vc_row][vc_row][vc_column][why_us_short_base section_bg=&#8221;gray&#8221; header_style=&#8221;classic&#8221; facts=&#8221;%5B%7B%22title%22%3A%22Pourquoi%20Nous%20Choisir%22%7D%2C%7B%22title%22%3A%22Notre%20Mission%22%7D%2C%7B%22title%22%3A%22Que%20des%20Solutions%20Creative%22%7D%5D&#8221;][\/vc_column][\/vc_row][vc_row][vc_column][ads_short_base header_style=&#8221;classic&#8221; section_description=&#8221;D\u00c9COUVREZ NOS PRODUITS D&#8217;OCCASION&#8221; ad_type=&#8221;regular&#8221; ad_order=&#8221;desc&#8221; layout_type=&#8221;grid_4&#8243; no_of_ads=&#8221;4&#8243; cats=&#8221;%5B%7B%22cat%22%3A%222022%22%7D%2C%7B%22cat%22%3A%222025%22%7D%2C%7B%22cat%22%3A%222020%22%7D%2C%7B%22cat%22%3A%222026%22%7D%2C%7B%22cat%22%3A%2268%22%7D%2C%7B%22cat%22%3A%22274%22%7D%5D&#8221; section_title=&#8221;Derni\u00e8res {color} Annonces En [&hellip;]\" \/>\n<meta property=\"og:url\" content=\"https:\/\/staging.almoqayada.com\/ar\/\" \/>\n<meta property=\"og:site_name\" content=\"ALMOQAYADA\" \/>\n<meta property=\"article:modified_time\" content=\"2023-04-24T19:38:23+00:00\" \/>\n<meta name=\"twitter:card\" content=\"summary_large_image\" \/>\n<meta name=\"twitter:label1\" content=\"\u0648\u0642\u062a \u0627\u0644\u0642\u0631\u0627\u0621\u0629 \u0627\u0644\u0645\u064f\u0642\u062f\u0651\u0631\" \/>\n\t<meta name=\"twitter:data1\" content=\"\u062f\u0642\u064a\u0642\u0629 \u0648\u0627\u062d\u062f\u0629\" \/>\n<script type=\"application\/ld+json\" class=\"yoast-schema-graph\">{\"@context\":\"https:\/\/schema.org\",\"@graph\":[{\"@type\":\"WebPage\",\"@id\":\"https:\/\/staging.almoqayada.com\/\",\"url\":\"https:\/\/staging.almoqayada.com\/\",\"name\":\"ALMOQAYADA_\u0627\u0644\u0645\u0642\u0627\u064a\u0636\u0629 - ALMOQAYADA\",\"isPartOf\":{\"@id\":\"https:\/\/staging.almoqayada.com\/#website\"},\"datePublished\":\"2021-10-27T07:48:08+00:00\",\"dateModified\":\"2023-04-24T19:38:23+00:00\",\"breadcrumb\":{\"@id\":\"https:\/\/staging.almoqayada.com\/#breadcrumb\"},\"inLanguage\":\"ar\",\"potentialAction\":[{\"@type\":\"ReadAction\",\"target\":[\"https:\/\/staging.almoqayada.com\/\"]}]},{\"@type\":\"BreadcrumbList\",\"@id\":\"https:\/\/staging.almoqayada.com\/#breadcrumb\",\"itemListElement\":[{\"@type\":\"ListItem\",\"position\":1,\"name\":\"Accueil\",\"item\":\"https:\/\/staging.almoqayada.com\/\"},{\"@type\":\"ListItem\",\"position\":2,\"name\":\"ALMOQAYADA_\u0627\u0644\u0645\u0642\u0627\u064a\u0636\u0629\"}]},{\"@type\":\"WebSite\",\"@id\":\"https:\/\/staging.almoqayada.com\/#website\",\"url\":\"https:\/\/staging.almoqayada.com\/\",\"name\":\"ALMOQAYADA\",\"description\":\"La Plateforme Collaborative N\u00b01 de Troc et de vente d&#039;occasion au Maroc\",\"publisher\":{\"@id\":\"https:\/\/staging.almoqayada.com\/#organization\"},\"potentialAction\":[{\"@type\":\"SearchAction\",\"target\":{\"@type\":\"EntryPoint\",\"urlTemplate\":\"https:\/\/staging.almoqayada.com\/?s={search_term_string}\"},\"query-input\":{\"@type\":\"PropertyValueSpecification\",\"valueRequired\":true,\"valueName\":\"search_term_string\"}}],\"inLanguage\":\"ar\"},{\"@type\":\"Organization\",\"@id\":\"https:\/\/staging.almoqayada.com\/#organization\",\"name\":\"ALMOQAYADA\",\"url\":\"https:\/\/staging.almoqayada.com\/\",\"logo\":{\"@type\":\"ImageObject\",\"inLanguage\":\"ar\",\"@id\":\"https:\/\/staging.almoqayada.com\/#\/schema\/logo\/image\/\",\"url\":\"https:\/\/staging.almoqayada.com\/wp-content\/uploads\/2022\/03\/MoQaYaDa_11_-Vaste2300x400.png\",\"contentUrl\":\"https:\/\/staging.almoqayada.com\/wp-content\/uploads\/2022\/03\/MoQaYaDa_11_-Vaste2300x400.png\",\"width\":2300,\"height\":400,\"caption\":\"ALMOQAYADA\"},\"image\":{\"@id\":\"https:\/\/staging.almoqayada.com\/#\/schema\/logo\/image\/\"}}]}<\/script>\n<!-- \/ Yoast SEO plugin. -->","yoast_head_json":{"title":"ALMOQAYADA_\u0627\u0644\u0645\u0642\u0627\u064a\u0636\u0629 - ALMOQAYADA","robots":{"index":"index","follow":"follow","max-snippet":"max-snippet:-1","max-image-preview":"max-image-preview:large","max-video-preview":"max-video-preview:-1"},"canonical":"https:\/\/staging.almoqayada.com\/ar\/","og_locale":"ar_AR","og_type":"article","og_title":"ALMOQAYADA_\u0627\u0644\u0645\u0642\u0627\u064a\u0636\u0629 - ALMOQAYADA","og_description":"[vc_row][vc_column][adforest_hero_decoration heading_1=&#8221;Sur ALMOQAYADA All\u00e9gez Votre Maison, Troquez, Faites l&#8217;\u00e9change et Meublez \u00e0 Bon Prix&#8221; banner_description=&#8221;Rechercher votre besoin et recevez des propositions de troc et des offres d\u2019acheteurs potentiels et faites-vous livrer sans avoir \u00e0 vous d\u00e9placer&#8221; bg_image=&#8221;4169&#8243; cats=&#8221;%5B%7B%22cat%22%3A%222022%22%2C%22img%22%3A%221188%22%7D%2C%7B%22cat%22%3A%2272%22%2C%22img%22%3A%221189%22%7D%2C%7B%22cat%22%3A%222008%22%2C%22img%22%3A%223187%22%7D%2C%7B%22cat%22%3A%2243%22%2C%22img%22%3A%223180%22%7D%2C%7B%22cat%22%3A%2271%22%2C%22img%22%3A%223186%22%7D%2C%7B%22cat%22%3A%2251%22%2C%22img%22%3A%221185%22%7D%5D&#8221;][\/vc_column][\/vc_row][vc_row][vc_column][why_us_short_base section_bg=&#8221;gray&#8221; header_style=&#8221;classic&#8221; facts=&#8221;%5B%7B%22title%22%3A%22Pourquoi%20Nous%20Choisir%22%7D%2C%7B%22title%22%3A%22Notre%20Mission%22%7D%2C%7B%22title%22%3A%22Que%20des%20Solutions%20Creative%22%7D%5D&#8221;][\/vc_column][\/vc_row][vc_row][vc_column][ads_short_base header_style=&#8221;classic&#8221; section_description=&#8221;D\u00c9COUVREZ NOS PRODUITS D&#8217;OCCASION&#8221; ad_type=&#8221;regular&#8221; ad_order=&#8221;desc&#8221; layout_type=&#8221;grid_4&#8243; no_of_ads=&#8221;4&#8243; cats=&#8221;%5B%7B%22cat%22%3A%222022%22%7D%2C%7B%22cat%22%3A%222025%22%7D%2C%7B%22cat%22%3A%222020%22%7D%2C%7B%22cat%22%3A%222026%22%7D%2C%7B%22cat%22%3A%2268%22%7D%2C%7B%22cat%22%3A%22274%22%7D%5D&#8221; section_title=&#8221;Derni\u00e8res {color} Annonces En [&hellip;]","og_url":"https:\/\/staging.almoqayada.com\/ar\/","og_site_name":"ALMOQAYADA","article_modified_time":"2023-04-24T19:38:23+00:00","twitter_card":"summary_large_image","twitter_misc":{"\u0648\u0642\u062a \u0627\u0644\u0642\u0631\u0627\u0621\u0629 \u0627\u0644\u0645\u064f\u0642\u062f\u0651\u0631":"\u062f\u0642\u064a\u0642\u0629 \u0648\u0627\u062d\u062f\u0629"},"schema":{"@context":"https:\/\/schema.org","@graph":[{"@type":"WebPage","@id":"https:\/\/staging.almoqayada.com\/","url":"https:\/\/staging.almoqayada.com\/","name":"ALMOQAYADA_\u0627\u0644\u0645\u0642\u0627\u064a\u0636\u0629 - ALMOQAYADA","isPartOf":{"@id":"https:\/\/staging.almoqayada.com\/#website"},"datePublished":"2021-10-27T07:48:08+00:00","dateModified":"2023-04-24T19:38:23+00:00","breadcrumb":{"@id":"https:\/\/staging.almoqayada.com\/#breadcrumb"},"inLanguage":"ar","potentialAction":[{"@type":"ReadAction","target":["https:\/\/staging.almoqayada.com\/"]}]},{"@type":"BreadcrumbList","@id":"https:\/\/staging.almoqayada.com\/#breadcrumb","itemListElement":[{"@type":"ListItem","position":1,"name":"Accueil","item":"https:\/\/staging.almoqayada.com\/"},{"@type":"ListItem","position":2,"name":"ALMOQAYADA_\u0627\u0644\u0645\u0642\u0627\u064a\u0636\u0629"}]},{"@type":"WebSite","@id":"https:\/\/staging.almoqayada.com\/#website","url":"https:\/\/staging.almoqayada.com\/","name":"ALMOQAYADA","description":"La Plateforme Collaborative N\u00b01 de Troc et de vente d&#039;occasion au Maroc","publisher":{"@id":"https:\/\/staging.almoqayada.com\/#organization"},"potentialAction":[{"@type":"SearchAction","target":{"@type":"EntryPoint","urlTemplate":"https:\/\/staging.almoqayada.com\/?s={search_term_string}"},"query-input":{"@type":"PropertyValueSpecification","valueRequired":true,"valueName":"search_term_string"}}],"inLanguage":"ar"},{"@type":"Organization","@id":"https:\/\/staging.almoqayada.com\/#organization","name":"ALMOQAYADA","url":"https:\/\/staging.almoqayada.com\/","logo":{"@type":"ImageObject","inLanguage":"ar","@id":"https:\/\/staging.almoqayada.com\/#\/schema\/logo\/image\/","url":"https:\/\/staging.almoqayada.com\/wp-content\/uploads\/2022\/03\/MoQaYaDa_11_-Vaste2300x400.png","contentUrl":"https:\/\/staging.almoqayada.com\/wp-content\/uploads\/2022\/03\/MoQaYaDa_11_-Vaste2300x400.png","width":2300,"height":400,"caption":"ALMOQAYADA"},"image":{"@id":"https:\/\/staging.almoqayada.com\/#\/schema\/logo\/image\/"}}]}},"jetpack_sharing_enabled":true,"_links":{"self":[{"href":"https:\/\/staging.almoqayada.com\/ar\/wp-json\/wp\/v2\/pages\/1181","targetHints":{"allow":["GET"]}}],"collection":[{"href":"https:\/\/staging.almoqayada.com\/ar\/wp-json\/wp\/v2\/pages"}],"about":[{"href":"https:\/\/staging.almoqayada.com\/ar\/wp-json\/wp\/v2\/types\/page"}],"author":[{"embeddable":true,"href":"https:\/\/staging.almoqayada.com\/ar\/wp-json\/wp\/v2\/users\/1"}],"replies":[{"embeddable":true,"href":"https:\/\/staging.almoqayada.com\/ar\/wp-json\/wp\/v2\/comments?post=1181"}],"version-history":[{"count":50,"href":"https:\/\/staging.almoqayada.com\/ar\/wp-json\/wp\/v2\/pages\/1181\/revisions"}],"predecessor-version":[{"id":3538,"href":"https:\/\/staging.almoqayada.com\/ar\/wp-json\/wp\/v2\/pages\/1181\/revisions\/3538"}],"wp:attachment":[{"href":"https:\/\/staging.almoqayada.com\/ar\/wp-json\/wp\/v2\/media?parent=1181"}],"curies":[{"name":"wp","href":"https:\/\/api.w.org\/{rel}","templated":true}]}}