{"id":1338,"date":"2022-09-27T01:12:59","date_gmt":"2022-09-27T00:12:59","guid":{"rendered":"https:\/\/adforestpro.scriptsbundle.com\/?page_id=1338"},"modified":"2022-10-18T02:49:26","modified_gmt":"2022-10-18T01:49:26","slug":"recherche-par-localisation","status":"publish","type":"page","link":"https:\/\/staging.almoqayada.com\/ar\/recherche-par-localisation\/","title":{"rendered":"Recherche par Localisation"},"content":{"rendered":"<div data-elementor-type=\"wp-page\" data-elementor-id=\"1338\" class=\"elementor elementor-1338\">\n\t\t\t\t\t\t<section class=\"elementor-section elementor-top-section elementor-element elementor-element-5eee0d4 elementor-section-full_width elementor-section-height-default elementor-section-height-default\" data-id=\"5eee0d4\" data-element_type=\"section\" data-e-type=\"section\">\n\t\t\t\t\t\t<div class=\"elementor-container elementor-column-gap-default\">\n\t\t\t\t\t<div class=\"elementor-column elementor-col-100 elementor-top-column elementor-element elementor-element-bf8eb76\" data-id=\"bf8eb76\" data-element_type=\"column\" data-e-type=\"column\">\n\t\t\t<div class=\"elementor-widget-wrap\">\n\t\t\t\t\t\t\t<\/div>\n\t\t<\/div>\n\t\t\t\t\t<\/div>\n\t\t<\/section>\n\t\t\t\t<section class=\"elementor-section elementor-top-section elementor-element elementor-element-d1919c8 elementor-section-full_width elementor-section-height-default elementor-section-height-default\" data-id=\"d1919c8\" data-element_type=\"section\" data-e-type=\"section\">\n\t\t\t\t\t\t<div class=\"elementor-container elementor-column-gap-default\">\n\t\t\t\t\t<div class=\"elementor-column elementor-col-100 elementor-top-column elementor-element elementor-element-3f9de7f\" data-id=\"3f9de7f\" data-element_type=\"column\" data-e-type=\"column\">\n\t\t\t<div class=\"elementor-widget-wrap\">\n\t\t\t\t\t\t\t<\/div>\n\t\t<\/div>\n\t\t\t\t\t<\/div>\n\t\t<\/section>\n\t\t\t\t<section class=\"elementor-section elementor-top-section elementor-element elementor-element-caf8a06 elementor-section-full_width elementor-section-height-default elementor-section-height-default\" data-id=\"caf8a06\" data-element_type=\"section\" data-e-type=\"section\">\n\t\t\t\t\t\t<div class=\"elementor-container elementor-column-gap-default\">\n\t\t\t\t\t<div class=\"elementor-column elementor-col-100 elementor-top-column elementor-element elementor-element-596a3a9\" data-id=\"596a3a9\" data-element_type=\"column\" data-e-type=\"column\">\n\t\t\t<div class=\"elementor-widget-wrap\">\n\t\t\t\t\t\t\t<\/div>\n\t\t<\/div>\n\t\t\t\t\t<\/div>\n\t\t<\/section>\n\t\t\t\t<section class=\"elementor-section elementor-top-section elementor-element elementor-element-cc03c2e elementor-section-full_width elementor-section-height-default elementor-section-height-default\" data-id=\"cc03c2e\" data-element_type=\"section\" data-e-type=\"section\">\n\t\t\t\t\t\t<div class=\"elementor-container elementor-column-gap-default\">\n\t\t\t\t\t<div class=\"elementor-column elementor-col-100 elementor-top-column elementor-element elementor-element-848ef72\" data-id=\"848ef72\" data-element_type=\"column\" data-e-type=\"column\">\n\t\t\t<div class=\"elementor-widget-wrap\">\n\t\t\t\t\t\t\t<\/div>\n\t\t<\/div>\n\t\t\t\t\t<\/div>\n\t\t<\/section>\n\t\t\t\t<section class=\"elementor-section elementor-top-section elementor-element elementor-element-f47122c elementor-section-full_width elementor-section-height-default elementor-section-height-default\" data-id=\"f47122c\" data-element_type=\"section\" data-e-type=\"section\">\n\t\t\t\t\t\t<div class=\"elementor-container elementor-column-gap-default\">\n\t\t\t\t\t<div class=\"elementor-column elementor-col-100 elementor-top-column elementor-element elementor-element-83996a6\" data-id=\"83996a6\" data-element_type=\"column\" data-e-type=\"column\">\n\t\t\t<div class=\"elementor-widget-wrap elementor-element-populated\">\n\t\t\t\t\t\t<div class=\"elementor-element elementor-element-7f11bf3 elementor-widget elementor-widget-client_partner_classic_short_base\" data-id=\"7f11bf3\" data-element_type=\"widget\" data-e-type=\"widget\" data-widget_type=\"client_partner_classic_short_base.default\">\n\t\t\t\t<div class=\"elementor-widget-container\">\n\t\t\t\t\t        <section class=\"adt-brand-carousel-section\" style= \"background-color: rgba(0, 0, 0, 0.9);\">\r\n            <div class=\"container adt-container\">\r\n                <div class=\"row\" style=\"width: 100%\">\r\n                    <div class=\"col-12 col-sm-12 col-md-12 col-lg-12 col-xl-12 col-xxl-12\">\r\n                        <div class=\"brand-carousel owl-carousel owl-theme\" data-loop='true' data-autoplay='false' data-autoplay-timeout='3000'>\r\n                                                                <div class=\"item\"><img decoding=\"async\" class=\"img-fluid\" src=\"https:\/\/staging.almoqayada.com\/appfr\/wp-content\/uploads\/2022\/09\/AllUniforms_320X86-avec.png\"\r\n                                                           alt=\"brand-logo\"><\/div>\r\n                                                                        <div class=\"item\"><img decoding=\"async\" class=\"img-fluid\" src=\"https:\/\/staging.almoqayada.com\/appfr\/wp-content\/uploads\/2022\/09\/42Projetcs.png\"\r\n                                                           alt=\"brand-logo\"><\/div>\r\n                                                                        <div class=\"item\"><img decoding=\"async\" class=\"img-fluid\" src=\"https:\/\/staging.almoqayada.com\/appfr\/wp-content\/uploads\/2022\/09\/HapSce_350x87.png\"\r\n                                                           alt=\"brand-logo\"><\/div>\r\n                                                                        <div class=\"item\"><img decoding=\"async\" class=\"img-fluid\" src=\"https:\/\/adforestpro.scriptsbundle.com\/wp-content\/uploads\/2021\/10\/25.png\"\r\n                                                           alt=\"brand-logo\"><\/div>\r\n                                                                        <div class=\"item\"><img decoding=\"async\" class=\"img-fluid\" src=\"https:\/\/adforestpro.scriptsbundle.com\/wp-content\/uploads\/2021\/10\/26.png\"\r\n                                                           alt=\"brand-logo\"><\/div>\r\n                                                                        <div class=\"item\"><img decoding=\"async\" class=\"img-fluid\" src=\"https:\/\/adforestpro.scriptsbundle.com\/wp-content\/uploads\/2021\/10\/25.png\"\r\n                                                           alt=\"brand-logo\"><\/div>\r\n                                                            <\/div>\r\n                    <\/div>\r\n                <\/div>\r\n            <\/div>\r\n        <\/section>\r\n        \t\t\t\t<\/div>\n\t\t\t\t<\/div>\n\t\t\t\t\t<\/div>\n\t\t<\/div>\n\t\t\t\t\t<\/div>\n\t\t<\/section>\n\t\t\t\t<\/div>","protected":false},"excerpt":{"rendered":"<p>Sur ALMOQAYADA All\u00e9gez Votre Maison, Troquez, Faites de l&#8217;\u00e9change et Meublez \u00e0 Bon Prix Recherchez parmi des centaines d&#8217;annonces\u00a0! S\u00e9lectionner une cat\u00e9gorie Rechercher Ads Derni\u00e8res annonces en vedette CarsBMWVEHICULES BMW 7 Series 740 Prix \u200b\u200bsur appel Marrakesh, Marrakech, Morocco 30\/04\/2022 25 Vues Electronics Manette Xbox One Prix \u200b\u200bsur appel Marrakesh, Marrakech, Morocco 30\/09\/2021 69 Vues [&hellip;]<\/p>\n","protected":false},"author":1,"featured_media":0,"parent":0,"menu_order":0,"comment_status":"closed","ping_status":"closed","template":"page-home.php","meta":{"footnotes":""},"class_list":["post-1338","page","type-page","status-publish","hentry"],"yoast_head":"<!-- This site is optimized with the Yoast SEO plugin v26.9 - https:\/\/yoast.com\/product\/yoast-seo-wordpress\/ -->\n<title>Recherche par Localisation - ALMOQAYADA<\/title>\n<meta name=\"robots\" content=\"index, follow, max-snippet:-1, max-image-preview:large, max-video-preview:-1\" \/>\n<link rel=\"canonical\" href=\"https:\/\/staging.almoqayada.com\/ar\/recherche-par-localisation\/\" \/>\n<meta property=\"og:locale\" content=\"ar_AR\" \/>\n<meta property=\"og:type\" content=\"article\" \/>\n<meta property=\"og:title\" content=\"Recherche par Localisation - ALMOQAYADA\" \/>\n<meta property=\"og:description\" content=\"Sur ALMOQAYADA All\u00e9gez Votre Maison, Troquez, Faites de l&#8217;\u00e9change et Meublez \u00e0 Bon Prix Recherchez parmi des centaines d&#8217;annonces\u00a0! S\u00e9lectionner une cat\u00e9gorie Rechercher Ads Derni\u00e8res annonces en vedette CarsBMWVEHICULES BMW 7 Series 740 Prix \u200b\u200bsur appel Marrakesh, Marrakech, Morocco 30\/04\/2022 25 Vues Electronics Manette Xbox One Prix \u200b\u200bsur appel Marrakesh, Marrakech, Morocco 30\/09\/2021 69 Vues [&hellip;]\" \/>\n<meta property=\"og:url\" content=\"https:\/\/staging.almoqayada.com\/ar\/recherche-par-localisation\/\" \/>\n<meta property=\"og:site_name\" content=\"ALMOQAYADA\" \/>\n<meta property=\"article:modified_time\" content=\"2022-10-18T01:49:26+00:00\" \/>\n<meta property=\"og:image\" content=\"https:\/\/staging.almoqayada.com\/appfr\/wp-content\/uploads\/2021\/09\/278606-1-850x450-1-300x224.png\" \/>\n<meta name=\"twitter:card\" content=\"summary_large_image\" \/>\n<meta name=\"twitter:label1\" content=\"\u0648\u0642\u062a \u0627\u0644\u0642\u0631\u0627\u0621\u0629 \u0627\u0644\u0645\u064f\u0642\u062f\u0651\u0631\" \/>\n\t<meta name=\"twitter:data1\" content=\"5 \u062f\u0642\u0627\u0626\u0642\" \/>\n<script type=\"application\/ld+json\" class=\"yoast-schema-graph\">{\"@context\":\"https:\/\/schema.org\",\"@graph\":[{\"@type\":\"WebPage\",\"@id\":\"https:\/\/staging.almoqayada.com\/recherche-par-localisation\/\",\"url\":\"https:\/\/staging.almoqayada.com\/recherche-par-localisation\/\",\"name\":\"Recherche par Localisation - ALMOQAYADA\",\"isPartOf\":{\"@id\":\"https:\/\/staging.almoqayada.com\/#website\"},\"primaryImageOfPage\":{\"@id\":\"https:\/\/staging.almoqayada.com\/recherche-par-localisation\/#primaryimage\"},\"image\":{\"@id\":\"https:\/\/staging.almoqayada.com\/recherche-par-localisation\/#primaryimage\"},\"thumbnailUrl\":\"https:\/\/staging.almoqayada.com\/appfr\/wp-content\/uploads\/2021\/09\/278606-1-850x450-1-300x224.png\",\"datePublished\":\"2022-09-27T00:12:59+00:00\",\"dateModified\":\"2022-10-18T01:49:26+00:00\",\"breadcrumb\":{\"@id\":\"https:\/\/staging.almoqayada.com\/recherche-par-localisation\/#breadcrumb\"},\"inLanguage\":\"ar\",\"potentialAction\":[{\"@type\":\"ReadAction\",\"target\":[\"https:\/\/staging.almoqayada.com\/recherche-par-localisation\/\"]}]},{\"@type\":\"ImageObject\",\"inLanguage\":\"ar\",\"@id\":\"https:\/\/staging.almoqayada.com\/recherche-par-localisation\/#primaryimage\",\"url\":\"https:\/\/staging.almoqayada.com\/appfr\/wp-content\/uploads\/2021\/09\/278606-1-850x450-1-300x224.png\",\"contentUrl\":\"https:\/\/staging.almoqayada.com\/appfr\/wp-content\/uploads\/2021\/09\/278606-1-850x450-1-300x224.png\"},{\"@type\":\"BreadcrumbList\",\"@id\":\"https:\/\/staging.almoqayada.com\/recherche-par-localisation\/#breadcrumb\",\"itemListElement\":[{\"@type\":\"ListItem\",\"position\":1,\"name\":\"Accueil\",\"item\":\"https:\/\/staging.almoqayada.com\/\"},{\"@type\":\"ListItem\",\"position\":2,\"name\":\"Recherche par Localisation\"}]},{\"@type\":\"WebSite\",\"@id\":\"https:\/\/staging.almoqayada.com\/#website\",\"url\":\"https:\/\/staging.almoqayada.com\/\",\"name\":\"ALMOQAYADA\",\"description\":\"La Plateforme Collaborative N\u00b01 de Troc et de vente d&#039;occasion au Maroc\",\"publisher\":{\"@id\":\"https:\/\/staging.almoqayada.com\/#organization\"},\"potentialAction\":[{\"@type\":\"SearchAction\",\"target\":{\"@type\":\"EntryPoint\",\"urlTemplate\":\"https:\/\/staging.almoqayada.com\/?s={search_term_string}\"},\"query-input\":{\"@type\":\"PropertyValueSpecification\",\"valueRequired\":true,\"valueName\":\"search_term_string\"}}],\"inLanguage\":\"ar\"},{\"@type\":\"Organization\",\"@id\":\"https:\/\/staging.almoqayada.com\/#organization\",\"name\":\"ALMOQAYADA\",\"url\":\"https:\/\/staging.almoqayada.com\/\",\"logo\":{\"@type\":\"ImageObject\",\"inLanguage\":\"ar\",\"@id\":\"https:\/\/staging.almoqayada.com\/#\/schema\/logo\/image\/\",\"url\":\"https:\/\/staging.almoqayada.com\/wp-content\/uploads\/2022\/03\/MoQaYaDa_11_-Vaste2300x400.png\",\"contentUrl\":\"https:\/\/staging.almoqayada.com\/wp-content\/uploads\/2022\/03\/MoQaYaDa_11_-Vaste2300x400.png\",\"width\":2300,\"height\":400,\"caption\":\"ALMOQAYADA\"},\"image\":{\"@id\":\"https:\/\/staging.almoqayada.com\/#\/schema\/logo\/image\/\"}}]}<\/script>\n<!-- \/ Yoast SEO plugin. -->","yoast_head_json":{"title":"Recherche par Localisation - ALMOQAYADA","robots":{"index":"index","follow":"follow","max-snippet":"max-snippet:-1","max-image-preview":"max-image-preview:large","max-video-preview":"max-video-preview:-1"},"canonical":"https:\/\/staging.almoqayada.com\/ar\/recherche-par-localisation\/","og_locale":"ar_AR","og_type":"article","og_title":"Recherche par Localisation - ALMOQAYADA","og_description":"Sur ALMOQAYADA All\u00e9gez Votre Maison, Troquez, Faites de l&#8217;\u00e9change et Meublez \u00e0 Bon Prix Recherchez parmi des centaines d&#8217;annonces\u00a0! S\u00e9lectionner une cat\u00e9gorie Rechercher Ads Derni\u00e8res annonces en vedette CarsBMWVEHICULES BMW 7 Series 740 Prix \u200b\u200bsur appel Marrakesh, Marrakech, Morocco 30\/04\/2022 25 Vues Electronics Manette Xbox One Prix \u200b\u200bsur appel Marrakesh, Marrakech, Morocco 30\/09\/2021 69 Vues [&hellip;]","og_url":"https:\/\/staging.almoqayada.com\/ar\/recherche-par-localisation\/","og_site_name":"ALMOQAYADA","article_modified_time":"2022-10-18T01:49:26+00:00","og_image":[{"url":"https:\/\/staging.almoqayada.com\/appfr\/wp-content\/uploads\/2021\/09\/278606-1-850x450-1-300x224.png","type":"","width":"","height":""}],"twitter_card":"summary_large_image","twitter_misc":{"\u0648\u0642\u062a \u0627\u0644\u0642\u0631\u0627\u0621\u0629 \u0627\u0644\u0645\u064f\u0642\u062f\u0651\u0631":"5 \u062f\u0642\u0627\u0626\u0642"},"schema":{"@context":"https:\/\/schema.org","@graph":[{"@type":"WebPage","@id":"https:\/\/staging.almoqayada.com\/recherche-par-localisation\/","url":"https:\/\/staging.almoqayada.com\/recherche-par-localisation\/","name":"Recherche par Localisation - ALMOQAYADA","isPartOf":{"@id":"https:\/\/staging.almoqayada.com\/#website"},"primaryImageOfPage":{"@id":"https:\/\/staging.almoqayada.com\/recherche-par-localisation\/#primaryimage"},"image":{"@id":"https:\/\/staging.almoqayada.com\/recherche-par-localisation\/#primaryimage"},"thumbnailUrl":"https:\/\/staging.almoqayada.com\/appfr\/wp-content\/uploads\/2021\/09\/278606-1-850x450-1-300x224.png","datePublished":"2022-09-27T00:12:59+00:00","dateModified":"2022-10-18T01:49:26+00:00","breadcrumb":{"@id":"https:\/\/staging.almoqayada.com\/recherche-par-localisation\/#breadcrumb"},"inLanguage":"ar","potentialAction":[{"@type":"ReadAction","target":["https:\/\/staging.almoqayada.com\/recherche-par-localisation\/"]}]},{"@type":"ImageObject","inLanguage":"ar","@id":"https:\/\/staging.almoqayada.com\/recherche-par-localisation\/#primaryimage","url":"https:\/\/staging.almoqayada.com\/appfr\/wp-content\/uploads\/2021\/09\/278606-1-850x450-1-300x224.png","contentUrl":"https:\/\/staging.almoqayada.com\/appfr\/wp-content\/uploads\/2021\/09\/278606-1-850x450-1-300x224.png"},{"@type":"BreadcrumbList","@id":"https:\/\/staging.almoqayada.com\/recherche-par-localisation\/#breadcrumb","itemListElement":[{"@type":"ListItem","position":1,"name":"Accueil","item":"https:\/\/staging.almoqayada.com\/"},{"@type":"ListItem","position":2,"name":"Recherche par Localisation"}]},{"@type":"WebSite","@id":"https:\/\/staging.almoqayada.com\/#website","url":"https:\/\/staging.almoqayada.com\/","name":"ALMOQAYADA","description":"La Plateforme Collaborative N\u00b01 de Troc et de vente d&#039;occasion au Maroc","publisher":{"@id":"https:\/\/staging.almoqayada.com\/#organization"},"potentialAction":[{"@type":"SearchAction","target":{"@type":"EntryPoint","urlTemplate":"https:\/\/staging.almoqayada.com\/?s={search_term_string}"},"query-input":{"@type":"PropertyValueSpecification","valueRequired":true,"valueName":"search_term_string"}}],"inLanguage":"ar"},{"@type":"Organization","@id":"https:\/\/staging.almoqayada.com\/#organization","name":"ALMOQAYADA","url":"https:\/\/staging.almoqayada.com\/","logo":{"@type":"ImageObject","inLanguage":"ar","@id":"https:\/\/staging.almoqayada.com\/#\/schema\/logo\/image\/","url":"https:\/\/staging.almoqayada.com\/wp-content\/uploads\/2022\/03\/MoQaYaDa_11_-Vaste2300x400.png","contentUrl":"https:\/\/staging.almoqayada.com\/wp-content\/uploads\/2022\/03\/MoQaYaDa_11_-Vaste2300x400.png","width":2300,"height":400,"caption":"ALMOQAYADA"},"image":{"@id":"https:\/\/staging.almoqayada.com\/#\/schema\/logo\/image\/"}}]}},"jetpack_sharing_enabled":true,"_links":{"self":[{"href":"https:\/\/staging.almoqayada.com\/ar\/wp-json\/wp\/v2\/pages\/1338","targetHints":{"allow":["GET"]}}],"collection":[{"href":"https:\/\/staging.almoqayada.com\/ar\/wp-json\/wp\/v2\/pages"}],"about":[{"href":"https:\/\/staging.almoqayada.com\/ar\/wp-json\/wp\/v2\/types\/page"}],"author":[{"embeddable":true,"href":"https:\/\/staging.almoqayada.com\/ar\/wp-json\/wp\/v2\/users\/1"}],"replies":[{"embeddable":true,"href":"https:\/\/staging.almoqayada.com\/ar\/wp-json\/wp\/v2\/comments?post=1338"}],"version-history":[{"count":37,"href":"https:\/\/staging.almoqayada.com\/ar\/wp-json\/wp\/v2\/pages\/1338\/revisions"}],"predecessor-version":[{"id":3859,"href":"https:\/\/staging.almoqayada.com\/ar\/wp-json\/wp\/v2\/pages\/1338\/revisions\/3859"}],"wp:attachment":[{"href":"https:\/\/staging.almoqayada.com\/ar\/wp-json\/wp\/v2\/media?parent=1338"}],"curies":[{"name":"wp","href":"https:\/\/api.w.org\/{rel}","templated":true}]}}