{"id":488,"date":"2021-10-01T06:32:44","date_gmt":"2021-10-01T06:32:44","guid":{"rendered":"https:\/\/adforestpro.scriptsbundle.com\/?page_id=488"},"modified":"2022-11-05T20:35:40","modified_gmt":"2022-11-05T19:35:40","slug":"se-connecter","status":"publish","type":"page","link":"https:\/\/staging.almoqayada.com\/ar\/se-connecter\/","title":{"rendered":"\u062a\u0633\u062c\u064a\u0644 \u0627\u0644\u062f\u062e\u0648\u0644"},"content":{"rendered":"<section>\n<h2>Connectez-vous \u00e0 votre compte<\/h2>\n<h4>Cr\u00e9er Un Compte et Faite rentrer vos informations et vos coordonner pour valider votre profil et \u00eatre contact\u00e9 facilement par des dizaines de troqueurs et acheteurs potentiels.<\/h4>\n<p><img decoding=\"async\" src=\"https:\/\/staging.almoqayada.com\/appfr\/wp-content\/uploads\/2021\/10\/user-img.png\" alt=\"image\" \/><\/p>\n<h4>Bienvenue \u00e0 nouveau, veuillez vous connecter au compte<\/h4>\n<p>Souscrivez\u00a0 a un Pack pour 10 annonces avec une estimation gratuite de vos biens . Troquez et vendez des biens. Ex: J&#8217;offre le bien\/services A contre le biens\/services B de m\u00eame \u00e9quivalence de Valeurs. En plus de publications sur la boutique en ligne<\/p>\n<form id=\"sb-login-form\" action=\"\"><label>Email<\/label><br \/>\n<input id=\"sb_reg_email\" name=\"sb_reg_email\" type=\"email\" placeholder=\"Your Email\" data-parsley-type=\"email\" data-parsley-required=\"true\" data-parsley-error-message=\"Please enter your valid email.\" data-parsley-trigger=\"change\" \/><br \/>\nMot de passe<br \/>\n<input name=\"sb_reg_password\" type=\"password\" placeholder=\"Your Password\" data-parsley-required=\"true\" data-parsley-error-message=\"Please enter your password.\" \/><\/p>\n<ul>\n<li><input id=\"is_remember\" name=\"is_remember\" type=\"checkbox\" \/><br \/>\n<label for=\"is_remember\">Se souvenir<\/label><\/li>\n<\/ul>\n<p><a data-bs-target=\"#myModal\" data-bs-toggle=\"modal\">Mot de passe oubli\u00e9?<\/a><\/p>\n<p><input id=\"sb-login-token\" type=\"hidden\" value=\"48b8b83aa3\" \/><br \/>\n<button id=\"sb_login_submit\" type=\"submit\">Login<\/button><br \/>\n<button id=\"sb_login_msg\" type=\"button\">Processing&#8230;<\/button><br \/>\n<input id=\"nonce\" type=\"hidden\" value=\"1633071824\" \/><br \/>\n<input id=\"get_action\" type=\"hidden\" value=\"login\" \/><\/p>\n<input type=\"hidden\" name=\"trp-form-language\" value=\"ar\"\/><\/form>\n<p>Vous n&#8217;avez pas de Compte ? <a href=\"https:\/\/staging.almoqayada.com\/ar\/appfr\/s-inscrire\/\">Inscrivez-vous maintenant<\/a><\/p>\n<p><input id=\"sb-fb-apikey\" type=\"hidden\" value=\"\" \/><br \/>\n<input id=\"sb-fb-projectid\" type=\"hidden\" value=\"\" \/><br \/>\n<input id=\"sb-fb-senderid\" type=\"hidden\" value=\"\" \/><br \/>\n<input id=\"sb-fb-appid\" type=\"hidden\" value=\"\" \/><br \/>\n<input id=\"ajax_url\" type=\"hidden\" value=\"https:\/\/adforestpro.scriptsbundle.com\/wp-admin\/admin-ajax.php\" \/><br \/>\n<input id=\"verification-notice\" type=\"hidden\" value=\"Verification code has been sent to \" \/><br \/>\n<input id=\"profile_page\" type=\"hidden\" value=\"https:\/\/adforestpro.scriptsbundle.com\/profile\/\" \/><\/p>\n<\/section>","protected":false},"excerpt":{"rendered":"<p>Connectez-vous \u00e0 votre compte Cr\u00e9er Un Compte et Faite rentrer vos informations et vos coordonner pour valider votre profil et \u00eatre contact\u00e9 facilement par des dizaines de troqueurs et acheteurs potentiels. Bienvenue \u00e0 nouveau, veuillez vous connecter au compte Souscrivez\u00a0 a un Pack pour 10 annonces avec une estimation gratuite de vos biens . Troquez [&hellip;]<\/p>\n","protected":false},"author":1,"featured_media":0,"parent":0,"menu_order":0,"comment_status":"closed","ping_status":"closed","template":"","meta":{"footnotes":""},"class_list":["post-488","page","type-page","status-publish","hentry"],"yoast_head":"<!-- This site is optimized with the Yoast SEO plugin v26.9 - https:\/\/yoast.com\/product\/yoast-seo-wordpress\/ -->\n<title>Se connecter - ALMOQAYADA<\/title>\n<meta name=\"robots\" content=\"index, follow, max-snippet:-1, max-image-preview:large, max-video-preview:-1\" \/>\n<link rel=\"canonical\" href=\"https:\/\/staging.almoqayada.com\/ar\/se-connecter\/\" \/>\n<meta property=\"og:locale\" content=\"ar_AR\" \/>\n<meta property=\"og:type\" content=\"article\" \/>\n<meta property=\"og:title\" content=\"Se connecter - ALMOQAYADA\" \/>\n<meta property=\"og:description\" content=\"Connectez-vous \u00e0 votre compte Cr\u00e9er Un Compte et Faite rentrer vos informations et vos coordonner pour valider votre profil et \u00eatre contact\u00e9 facilement par des dizaines de troqueurs et acheteurs potentiels. Bienvenue \u00e0 nouveau, veuillez vous connecter au compte Souscrivez\u00a0 a un Pack pour 10 annonces avec une estimation gratuite de vos biens . Troquez [&hellip;]\" \/>\n<meta property=\"og:url\" content=\"https:\/\/staging.almoqayada.com\/ar\/se-connecter\/\" \/>\n<meta property=\"og:site_name\" content=\"ALMOQAYADA\" \/>\n<meta property=\"article:modified_time\" content=\"2022-11-05T19:35:40+00:00\" \/>\n<meta property=\"og:image\" content=\"https:\/\/staging.almoqayada.com\/appfr\/wp-content\/uploads\/2021\/10\/user-img.png\" \/>\n<meta name=\"twitter:card\" content=\"summary_large_image\" \/>\n<meta name=\"twitter:label1\" content=\"\u0648\u0642\u062a \u0627\u0644\u0642\u0631\u0627\u0621\u0629 \u0627\u0644\u0645\u064f\u0642\u062f\u0651\u0631\" \/>\n\t<meta name=\"twitter:data1\" content=\"\u062f\u0642\u064a\u0642\u0629 \u0648\u0627\u062d\u062f\u0629\" \/>\n<script type=\"application\/ld+json\" class=\"yoast-schema-graph\">{\"@context\":\"https:\/\/schema.org\",\"@graph\":[{\"@type\":\"WebPage\",\"@id\":\"https:\/\/staging.almoqayada.com\/se-connecter\/\",\"url\":\"https:\/\/staging.almoqayada.com\/se-connecter\/\",\"name\":\"Se connecter - ALMOQAYADA\",\"isPartOf\":{\"@id\":\"https:\/\/staging.almoqayada.com\/#website\"},\"primaryImageOfPage\":{\"@id\":\"https:\/\/staging.almoqayada.com\/se-connecter\/#primaryimage\"},\"image\":{\"@id\":\"https:\/\/staging.almoqayada.com\/se-connecter\/#primaryimage\"},\"thumbnailUrl\":\"https:\/\/staging.almoqayada.com\/appfr\/wp-content\/uploads\/2021\/10\/user-img.png\",\"datePublished\":\"2021-10-01T06:32:44+00:00\",\"dateModified\":\"2022-11-05T19:35:40+00:00\",\"breadcrumb\":{\"@id\":\"https:\/\/staging.almoqayada.com\/se-connecter\/#breadcrumb\"},\"inLanguage\":\"ar\",\"potentialAction\":[{\"@type\":\"ReadAction\",\"target\":[\"https:\/\/staging.almoqayada.com\/se-connecter\/\"]}]},{\"@type\":\"ImageObject\",\"inLanguage\":\"ar\",\"@id\":\"https:\/\/staging.almoqayada.com\/se-connecter\/#primaryimage\",\"url\":\"https:\/\/staging.almoqayada.com\/appfr\/wp-content\/uploads\/2021\/10\/user-img.png\",\"contentUrl\":\"https:\/\/staging.almoqayada.com\/appfr\/wp-content\/uploads\/2021\/10\/user-img.png\"},{\"@type\":\"BreadcrumbList\",\"@id\":\"https:\/\/staging.almoqayada.com\/se-connecter\/#breadcrumb\",\"itemListElement\":[{\"@type\":\"ListItem\",\"position\":1,\"name\":\"Accueil\",\"item\":\"https:\/\/staging.almoqayada.com\/\"},{\"@type\":\"ListItem\",\"position\":2,\"name\":\"Se connecter\"}]},{\"@type\":\"WebSite\",\"@id\":\"https:\/\/staging.almoqayada.com\/#website\",\"url\":\"https:\/\/staging.almoqayada.com\/\",\"name\":\"ALMOQAYADA\",\"description\":\"La Plateforme Collaborative N\u00b01 de Troc et de vente d&#039;occasion au Maroc\",\"publisher\":{\"@id\":\"https:\/\/staging.almoqayada.com\/#organization\"},\"potentialAction\":[{\"@type\":\"SearchAction\",\"target\":{\"@type\":\"EntryPoint\",\"urlTemplate\":\"https:\/\/staging.almoqayada.com\/?s={search_term_string}\"},\"query-input\":{\"@type\":\"PropertyValueSpecification\",\"valueRequired\":true,\"valueName\":\"search_term_string\"}}],\"inLanguage\":\"ar\"},{\"@type\":\"Organization\",\"@id\":\"https:\/\/staging.almoqayada.com\/#organization\",\"name\":\"ALMOQAYADA\",\"url\":\"https:\/\/staging.almoqayada.com\/\",\"logo\":{\"@type\":\"ImageObject\",\"inLanguage\":\"ar\",\"@id\":\"https:\/\/staging.almoqayada.com\/#\/schema\/logo\/image\/\",\"url\":\"https:\/\/staging.almoqayada.com\/wp-content\/uploads\/2022\/03\/MoQaYaDa_11_-Vaste2300x400.png\",\"contentUrl\":\"https:\/\/staging.almoqayada.com\/wp-content\/uploads\/2022\/03\/MoQaYaDa_11_-Vaste2300x400.png\",\"width\":2300,\"height\":400,\"caption\":\"ALMOQAYADA\"},\"image\":{\"@id\":\"https:\/\/staging.almoqayada.com\/#\/schema\/logo\/image\/\"}}]}<\/script>\n<!-- \/ Yoast SEO plugin. -->","yoast_head_json":{"title":"Se connecter - ALMOQAYADA","robots":{"index":"index","follow":"follow","max-snippet":"max-snippet:-1","max-image-preview":"max-image-preview:large","max-video-preview":"max-video-preview:-1"},"canonical":"https:\/\/staging.almoqayada.com\/ar\/se-connecter\/","og_locale":"ar_AR","og_type":"article","og_title":"Se connecter - ALMOQAYADA","og_description":"Connectez-vous \u00e0 votre compte Cr\u00e9er Un Compte et Faite rentrer vos informations et vos coordonner pour valider votre profil et \u00eatre contact\u00e9 facilement par des dizaines de troqueurs et acheteurs potentiels. Bienvenue \u00e0 nouveau, veuillez vous connecter au compte Souscrivez\u00a0 a un Pack pour 10 annonces avec une estimation gratuite de vos biens . Troquez [&hellip;]","og_url":"https:\/\/staging.almoqayada.com\/ar\/se-connecter\/","og_site_name":"ALMOQAYADA","article_modified_time":"2022-11-05T19:35:40+00:00","og_image":[{"url":"https:\/\/staging.almoqayada.com\/appfr\/wp-content\/uploads\/2021\/10\/user-img.png","type":"","width":"","height":""}],"twitter_card":"summary_large_image","twitter_misc":{"\u0648\u0642\u062a \u0627\u0644\u0642\u0631\u0627\u0621\u0629 \u0627\u0644\u0645\u064f\u0642\u062f\u0651\u0631":"\u062f\u0642\u064a\u0642\u0629 \u0648\u0627\u062d\u062f\u0629"},"schema":{"@context":"https:\/\/schema.org","@graph":[{"@type":"WebPage","@id":"https:\/\/staging.almoqayada.com\/se-connecter\/","url":"https:\/\/staging.almoqayada.com\/se-connecter\/","name":"Se connecter - ALMOQAYADA","isPartOf":{"@id":"https:\/\/staging.almoqayada.com\/#website"},"primaryImageOfPage":{"@id":"https:\/\/staging.almoqayada.com\/se-connecter\/#primaryimage"},"image":{"@id":"https:\/\/staging.almoqayada.com\/se-connecter\/#primaryimage"},"thumbnailUrl":"https:\/\/staging.almoqayada.com\/appfr\/wp-content\/uploads\/2021\/10\/user-img.png","datePublished":"2021-10-01T06:32:44+00:00","dateModified":"2022-11-05T19:35:40+00:00","breadcrumb":{"@id":"https:\/\/staging.almoqayada.com\/se-connecter\/#breadcrumb"},"inLanguage":"ar","potentialAction":[{"@type":"ReadAction","target":["https:\/\/staging.almoqayada.com\/se-connecter\/"]}]},{"@type":"ImageObject","inLanguage":"ar","@id":"https:\/\/staging.almoqayada.com\/se-connecter\/#primaryimage","url":"https:\/\/staging.almoqayada.com\/appfr\/wp-content\/uploads\/2021\/10\/user-img.png","contentUrl":"https:\/\/staging.almoqayada.com\/appfr\/wp-content\/uploads\/2021\/10\/user-img.png"},{"@type":"BreadcrumbList","@id":"https:\/\/staging.almoqayada.com\/se-connecter\/#breadcrumb","itemListElement":[{"@type":"ListItem","position":1,"name":"Accueil","item":"https:\/\/staging.almoqayada.com\/"},{"@type":"ListItem","position":2,"name":"Se connecter"}]},{"@type":"WebSite","@id":"https:\/\/staging.almoqayada.com\/#website","url":"https:\/\/staging.almoqayada.com\/","name":"ALMOQAYADA","description":"La Plateforme Collaborative N\u00b01 de Troc et de vente d&#039;occasion au Maroc","publisher":{"@id":"https:\/\/staging.almoqayada.com\/#organization"},"potentialAction":[{"@type":"SearchAction","target":{"@type":"EntryPoint","urlTemplate":"https:\/\/staging.almoqayada.com\/?s={search_term_string}"},"query-input":{"@type":"PropertyValueSpecification","valueRequired":true,"valueName":"search_term_string"}}],"inLanguage":"ar"},{"@type":"Organization","@id":"https:\/\/staging.almoqayada.com\/#organization","name":"ALMOQAYADA","url":"https:\/\/staging.almoqayada.com\/","logo":{"@type":"ImageObject","inLanguage":"ar","@id":"https:\/\/staging.almoqayada.com\/#\/schema\/logo\/image\/","url":"https:\/\/staging.almoqayada.com\/wp-content\/uploads\/2022\/03\/MoQaYaDa_11_-Vaste2300x400.png","contentUrl":"https:\/\/staging.almoqayada.com\/wp-content\/uploads\/2022\/03\/MoQaYaDa_11_-Vaste2300x400.png","width":2300,"height":400,"caption":"ALMOQAYADA"},"image":{"@id":"https:\/\/staging.almoqayada.com\/#\/schema\/logo\/image\/"}}]}},"jetpack_sharing_enabled":true,"_links":{"self":[{"href":"https:\/\/staging.almoqayada.com\/ar\/wp-json\/wp\/v2\/pages\/488","targetHints":{"allow":["GET"]}}],"collection":[{"href":"https:\/\/staging.almoqayada.com\/ar\/wp-json\/wp\/v2\/pages"}],"about":[{"href":"https:\/\/staging.almoqayada.com\/ar\/wp-json\/wp\/v2\/types\/page"}],"author":[{"embeddable":true,"href":"https:\/\/staging.almoqayada.com\/ar\/wp-json\/wp\/v2\/users\/1"}],"replies":[{"embeddable":true,"href":"https:\/\/staging.almoqayada.com\/ar\/wp-json\/wp\/v2\/comments?post=488"}],"version-history":[{"count":8,"href":"https:\/\/staging.almoqayada.com\/ar\/wp-json\/wp\/v2\/pages\/488\/revisions"}],"predecessor-version":[{"id":3956,"href":"https:\/\/staging.almoqayada.com\/ar\/wp-json\/wp\/v2\/pages\/488\/revisions\/3956"}],"wp:attachment":[{"href":"https:\/\/staging.almoqayada.com\/ar\/wp-json\/wp\/v2\/media?parent=488"}],"curies":[{"name":"wp","href":"https:\/\/api.w.org\/{rel}","templated":true}]}}