{"id":526,"date":"2021-10-01T06:36:45","date_gmt":"2021-10-01T06:36:45","guid":{"rendered":"https:\/\/adforestpro.scriptsbundle.com\/?page_id=526"},"modified":"2022-11-05T21:19:49","modified_gmt":"2022-11-05T20:19:49","slug":"s-inscrire","status":"publish","type":"page","link":"https:\/\/staging.almoqayada.com\/ar\/s-inscrire\/","title":{"rendered":"S&#8217;inscrire"},"content":{"rendered":"<div data-elementor-type=\"wp-page\" data-elementor-id=\"526\" class=\"elementor elementor-526\">\n\t\t\t\t\t\t<section class=\"elementor-section elementor-top-section elementor-element elementor-element-d2f2c53 elementor-section-full_width elementor-section-height-default elementor-section-height-default\" data-id=\"d2f2c53\" data-element_type=\"section\" data-e-type=\"section\">\n\t\t\t\t\t\t<div class=\"elementor-container elementor-column-gap-default\">\n\t\t\t\t\t<div class=\"elementor-column elementor-col-100 elementor-top-column elementor-element elementor-element-fe2854e\" data-id=\"fe2854e\" data-element_type=\"column\" data-e-type=\"column\">\n\t\t\t<div class=\"elementor-widget-wrap\">\n\t\t\t\t\t\t\t<\/div>\n\t\t<\/div>\n\t\t\t\t\t<\/div>\n\t\t<\/section>\n\t\t\t\t<\/div>","protected":false},"excerpt":{"rendered":"<p>Connectez-vous ou cr\u00e9er votre compte Cr\u00e9er Un Compte et Faite rentrer vos informations et vos coordonner pour valider votre profil et \u00eatre contact\u00e9 facilement par des dizaines de troqueurs et acheteurs potentiels. Bienvenue \u00e0 nouveau, veuillez vous connecter au compte ou inscrivez vous Souscrivez\u00a0 a un Pack pour 10 annonces avec une estimation gratuite de [&hellip;]<\/p>\n","protected":false},"author":1,"featured_media":0,"parent":0,"menu_order":0,"comment_status":"closed","ping_status":"closed","template":"","meta":{"footnotes":""},"class_list":["post-526","page","type-page","status-publish","hentry"],"yoast_head":"<!-- This site is optimized with the Yoast SEO plugin v26.9 - https:\/\/yoast.com\/product\/yoast-seo-wordpress\/ -->\n<title>S&#039;inscrire - ALMOQAYADA<\/title>\n<meta name=\"robots\" content=\"index, follow, max-snippet:-1, max-image-preview:large, max-video-preview:-1\" \/>\n<link rel=\"canonical\" href=\"https:\/\/staging.almoqayada.com\/ar\/s-inscrire\/\" \/>\n<meta property=\"og:locale\" content=\"ar_AR\" \/>\n<meta property=\"og:type\" content=\"article\" \/>\n<meta property=\"og:title\" content=\"S&#039;inscrire - ALMOQAYADA\" \/>\n<meta property=\"og:description\" content=\"Connectez-vous ou cr\u00e9er votre compte Cr\u00e9er Un Compte et Faite rentrer vos informations et vos coordonner pour valider votre profil et \u00eatre contact\u00e9 facilement par des dizaines de troqueurs et acheteurs potentiels. Bienvenue \u00e0 nouveau, veuillez vous connecter au compte ou inscrivez vous Souscrivez\u00a0 a un Pack pour 10 annonces avec une estimation gratuite de [&hellip;]\" \/>\n<meta property=\"og:url\" content=\"https:\/\/staging.almoqayada.com\/ar\/s-inscrire\/\" \/>\n<meta property=\"og:site_name\" content=\"ALMOQAYADA\" \/>\n<meta property=\"article:modified_time\" content=\"2022-11-05T20:19:49+00:00\" \/>\n<meta property=\"og:image\" content=\"https:\/\/staging.almoqayada.com\/appfr\/wp-content\/uploads\/2021\/10\/user-img.png\" \/>\n<meta name=\"twitter:card\" content=\"summary_large_image\" \/>\n<meta name=\"twitter:label1\" content=\"\u0648\u0642\u062a \u0627\u0644\u0642\u0631\u0627\u0621\u0629 \u0627\u0644\u0645\u064f\u0642\u062f\u0651\u0631\" \/>\n\t<meta name=\"twitter:data1\" content=\"\u062f\u0642\u064a\u0642\u0629 \u0648\u0627\u062d\u062f\u0629\" \/>\n<script type=\"application\/ld+json\" class=\"yoast-schema-graph\">{\"@context\":\"https:\/\/schema.org\",\"@graph\":[{\"@type\":\"WebPage\",\"@id\":\"https:\/\/staging.almoqayada.com\/s-inscrire\/\",\"url\":\"https:\/\/staging.almoqayada.com\/s-inscrire\/\",\"name\":\"S'inscrire - ALMOQAYADA\",\"isPartOf\":{\"@id\":\"https:\/\/staging.almoqayada.com\/#website\"},\"primaryImageOfPage\":{\"@id\":\"https:\/\/staging.almoqayada.com\/s-inscrire\/#primaryimage\"},\"image\":{\"@id\":\"https:\/\/staging.almoqayada.com\/s-inscrire\/#primaryimage\"},\"thumbnailUrl\":\"https:\/\/staging.almoqayada.com\/appfr\/wp-content\/uploads\/2021\/10\/user-img.png\",\"datePublished\":\"2021-10-01T06:36:45+00:00\",\"dateModified\":\"2022-11-05T20:19:49+00:00\",\"breadcrumb\":{\"@id\":\"https:\/\/staging.almoqayada.com\/s-inscrire\/#breadcrumb\"},\"inLanguage\":\"ar\",\"potentialAction\":[{\"@type\":\"ReadAction\",\"target\":[\"https:\/\/staging.almoqayada.com\/s-inscrire\/\"]}]},{\"@type\":\"ImageObject\",\"inLanguage\":\"ar\",\"@id\":\"https:\/\/staging.almoqayada.com\/s-inscrire\/#primaryimage\",\"url\":\"https:\/\/staging.almoqayada.com\/appfr\/wp-content\/uploads\/2021\/10\/user-img.png\",\"contentUrl\":\"https:\/\/staging.almoqayada.com\/appfr\/wp-content\/uploads\/2021\/10\/user-img.png\"},{\"@type\":\"BreadcrumbList\",\"@id\":\"https:\/\/staging.almoqayada.com\/s-inscrire\/#breadcrumb\",\"itemListElement\":[{\"@type\":\"ListItem\",\"position\":1,\"name\":\"Accueil\",\"item\":\"https:\/\/staging.almoqayada.com\/\"},{\"@type\":\"ListItem\",\"position\":2,\"name\":\"S&#8217;inscrire\"}]},{\"@type\":\"WebSite\",\"@id\":\"https:\/\/staging.almoqayada.com\/#website\",\"url\":\"https:\/\/staging.almoqayada.com\/\",\"name\":\"ALMOQAYADA\",\"description\":\"La Plateforme Collaborative N\u00b01 de Troc et de vente d&#039;occasion au Maroc\",\"publisher\":{\"@id\":\"https:\/\/staging.almoqayada.com\/#organization\"},\"potentialAction\":[{\"@type\":\"SearchAction\",\"target\":{\"@type\":\"EntryPoint\",\"urlTemplate\":\"https:\/\/staging.almoqayada.com\/?s={search_term_string}\"},\"query-input\":{\"@type\":\"PropertyValueSpecification\",\"valueRequired\":true,\"valueName\":\"search_term_string\"}}],\"inLanguage\":\"ar\"},{\"@type\":\"Organization\",\"@id\":\"https:\/\/staging.almoqayada.com\/#organization\",\"name\":\"ALMOQAYADA\",\"url\":\"https:\/\/staging.almoqayada.com\/\",\"logo\":{\"@type\":\"ImageObject\",\"inLanguage\":\"ar\",\"@id\":\"https:\/\/staging.almoqayada.com\/#\/schema\/logo\/image\/\",\"url\":\"https:\/\/staging.almoqayada.com\/wp-content\/uploads\/2022\/03\/MoQaYaDa_11_-Vaste2300x400.png\",\"contentUrl\":\"https:\/\/staging.almoqayada.com\/wp-content\/uploads\/2022\/03\/MoQaYaDa_11_-Vaste2300x400.png\",\"width\":2300,\"height\":400,\"caption\":\"ALMOQAYADA\"},\"image\":{\"@id\":\"https:\/\/staging.almoqayada.com\/#\/schema\/logo\/image\/\"}}]}<\/script>\n<!-- \/ Yoast SEO plugin. -->","yoast_head_json":{"title":"S'inscrire - ALMOQAYADA","robots":{"index":"index","follow":"follow","max-snippet":"max-snippet:-1","max-image-preview":"max-image-preview:large","max-video-preview":"max-video-preview:-1"},"canonical":"https:\/\/staging.almoqayada.com\/ar\/s-inscrire\/","og_locale":"ar_AR","og_type":"article","og_title":"S'inscrire - ALMOQAYADA","og_description":"Connectez-vous ou cr\u00e9er votre compte Cr\u00e9er Un Compte et Faite rentrer vos informations et vos coordonner pour valider votre profil et \u00eatre contact\u00e9 facilement par des dizaines de troqueurs et acheteurs potentiels. Bienvenue \u00e0 nouveau, veuillez vous connecter au compte ou inscrivez vous Souscrivez\u00a0 a un Pack pour 10 annonces avec une estimation gratuite de [&hellip;]","og_url":"https:\/\/staging.almoqayada.com\/ar\/s-inscrire\/","og_site_name":"ALMOQAYADA","article_modified_time":"2022-11-05T20:19:49+00:00","og_image":[{"url":"https:\/\/staging.almoqayada.com\/appfr\/wp-content\/uploads\/2021\/10\/user-img.png","type":"","width":"","height":""}],"twitter_card":"summary_large_image","twitter_misc":{"\u0648\u0642\u062a \u0627\u0644\u0642\u0631\u0627\u0621\u0629 \u0627\u0644\u0645\u064f\u0642\u062f\u0651\u0631":"\u062f\u0642\u064a\u0642\u0629 \u0648\u0627\u062d\u062f\u0629"},"schema":{"@context":"https:\/\/schema.org","@graph":[{"@type":"WebPage","@id":"https:\/\/staging.almoqayada.com\/s-inscrire\/","url":"https:\/\/staging.almoqayada.com\/s-inscrire\/","name":"S'inscrire - ALMOQAYADA","isPartOf":{"@id":"https:\/\/staging.almoqayada.com\/#website"},"primaryImageOfPage":{"@id":"https:\/\/staging.almoqayada.com\/s-inscrire\/#primaryimage"},"image":{"@id":"https:\/\/staging.almoqayada.com\/s-inscrire\/#primaryimage"},"thumbnailUrl":"https:\/\/staging.almoqayada.com\/appfr\/wp-content\/uploads\/2021\/10\/user-img.png","datePublished":"2021-10-01T06:36:45+00:00","dateModified":"2022-11-05T20:19:49+00:00","breadcrumb":{"@id":"https:\/\/staging.almoqayada.com\/s-inscrire\/#breadcrumb"},"inLanguage":"ar","potentialAction":[{"@type":"ReadAction","target":["https:\/\/staging.almoqayada.com\/s-inscrire\/"]}]},{"@type":"ImageObject","inLanguage":"ar","@id":"https:\/\/staging.almoqayada.com\/s-inscrire\/#primaryimage","url":"https:\/\/staging.almoqayada.com\/appfr\/wp-content\/uploads\/2021\/10\/user-img.png","contentUrl":"https:\/\/staging.almoqayada.com\/appfr\/wp-content\/uploads\/2021\/10\/user-img.png"},{"@type":"BreadcrumbList","@id":"https:\/\/staging.almoqayada.com\/s-inscrire\/#breadcrumb","itemListElement":[{"@type":"ListItem","position":1,"name":"Accueil","item":"https:\/\/staging.almoqayada.com\/"},{"@type":"ListItem","position":2,"name":"S&#8217;inscrire"}]},{"@type":"WebSite","@id":"https:\/\/staging.almoqayada.com\/#website","url":"https:\/\/staging.almoqayada.com\/","name":"ALMOQAYADA","description":"La Plateforme Collaborative N\u00b01 de Troc et de vente d&#039;occasion au Maroc","publisher":{"@id":"https:\/\/staging.almoqayada.com\/#organization"},"potentialAction":[{"@type":"SearchAction","target":{"@type":"EntryPoint","urlTemplate":"https:\/\/staging.almoqayada.com\/?s={search_term_string}"},"query-input":{"@type":"PropertyValueSpecification","valueRequired":true,"valueName":"search_term_string"}}],"inLanguage":"ar"},{"@type":"Organization","@id":"https:\/\/staging.almoqayada.com\/#organization","name":"ALMOQAYADA","url":"https:\/\/staging.almoqayada.com\/","logo":{"@type":"ImageObject","inLanguage":"ar","@id":"https:\/\/staging.almoqayada.com\/#\/schema\/logo\/image\/","url":"https:\/\/staging.almoqayada.com\/wp-content\/uploads\/2022\/03\/MoQaYaDa_11_-Vaste2300x400.png","contentUrl":"https:\/\/staging.almoqayada.com\/wp-content\/uploads\/2022\/03\/MoQaYaDa_11_-Vaste2300x400.png","width":2300,"height":400,"caption":"ALMOQAYADA"},"image":{"@id":"https:\/\/staging.almoqayada.com\/#\/schema\/logo\/image\/"}}]}},"jetpack_sharing_enabled":true,"_links":{"self":[{"href":"https:\/\/staging.almoqayada.com\/ar\/wp-json\/wp\/v2\/pages\/526","targetHints":{"allow":["GET"]}}],"collection":[{"href":"https:\/\/staging.almoqayada.com\/ar\/wp-json\/wp\/v2\/pages"}],"about":[{"href":"https:\/\/staging.almoqayada.com\/ar\/wp-json\/wp\/v2\/types\/page"}],"author":[{"embeddable":true,"href":"https:\/\/staging.almoqayada.com\/ar\/wp-json\/wp\/v2\/users\/1"}],"replies":[{"embeddable":true,"href":"https:\/\/staging.almoqayada.com\/ar\/wp-json\/wp\/v2\/comments?post=526"}],"version-history":[{"count":11,"href":"https:\/\/staging.almoqayada.com\/ar\/wp-json\/wp\/v2\/pages\/526\/revisions"}],"predecessor-version":[{"id":3955,"href":"https:\/\/staging.almoqayada.com\/ar\/wp-json\/wp\/v2\/pages\/526\/revisions\/3955"}],"wp:attachment":[{"href":"https:\/\/staging.almoqayada.com\/ar\/wp-json\/wp\/v2\/media?parent=526"}],"curies":[{"name":"wp","href":"https:\/\/api.w.org\/{rel}","templated":true}]}}