{"id":991,"date":"2017-10-23T13:13:03","date_gmt":"2017-10-23T13:13:03","guid":{"rendered":"http:\/\/demo.joinwebs.com\/classify\/?page_id=145"},"modified":"2022-09-19T22:56:24","modified_gmt":"2022-09-19T21:56:24","slug":"comment_ca_marche-2","status":"publish","type":"page","link":"https:\/\/staging.almoqayada.com\/ar\/comment_ca_marche-2\/","title":{"rendered":"comment_ca_marche"},"content":{"rendered":"<p><strong>Bonjour et Bienvenu sur ALMOQAYADA.<\/strong><strong><em>\u00a0<\/em><\/strong> \u00a0<\/p>\r\n<!-- \/wp:post-content -->\r\n\r\n<!-- wp:paragraph \/-->\r\n\r\n<!-- wp:paragraph -->\r\n<p><strong><em>La Plateforme <\/em><\/strong><a href=\"https:\/\/staging.almoqayada.com\/ar\/\"><strong><em>ALMOQAYADA.com<\/em><\/strong><\/a><strong><em> pour le commerce (Ventes- Achats) Et Marketing, est une plateforme d\u2019offres de services et de produits\u00a0au profit des entreprises et des particuliers, elle repr\u00e9sente un syst\u00e8me de collaboration et de mise en relation par lequel des biens et des services sont \u00e9chang\u00e9s directement contre d\u2019autres biens ou services et d\u2019autres m\u00e9thodes d\u2019\u00e9change sur plusieurs cat\u00e9gories.<\/em><\/strong><\/p>\r\n<blockquote><strong><em>D\u00e9di\u00e9 aux Professionnels et Particuliers qui veulent couvrir les diff\u00e9rents aspects de l\u2019\u00e9change<\/em>\u00a0autour de\u00a0<em>l\u2019\u00e9conomie circulaire, recentrer sur la mise en avant du capital humain et le regroupement d\u2019intelligence collective<\/em>\u00a0sur une seule et unique plateforme num\u00e9rique multilingue (<\/strong><a href=\"https:\/\/staging.almoqayada.com\/ar\/\"><strong>Fran\u00e7ais<\/strong><\/a><strong>, <\/strong><a href=\"https:\/\/staging.almoqayada.com\/ar\/\"><strong>Arabe<\/strong><\/a><strong> et <\/strong><a href=\"https:\/\/staging.almoqayada.com\/ar\/en\/\"><strong>anglais<\/strong><\/a><strong>).<\/strong><\/blockquote>\r\n<p>Mais Encore\u00a0:<\/p>\r\n<blockquote><strong><em>Le concept est que ALMOQAYADA est une vaste plateforme collaborative d\u2019\u00e9changes et de vente en ligne diversifi\u00e9e qui permet d\u2019\u00e9changer des biens et des services, elle propose des offres de collaboration\/participation \u00e0 travers la publication de petites annonces et de la vente direct de produits neuf et d\u2019occasions sur sa boutique en ligne, qui couvre diff\u00e9rentes cat\u00e9gories dans une seule et unique place de march\u00e9, en fournissant l\u2019accompagnement client et des garanties de respect des engagements en simplifiant la logistique depuis et vers la porte et la localisation du <\/em><\/strong><em>client.<strong>\u00a0 Sur ALMOQAYADA tout se marchande et c\u2019est au m\u00eame endroit dans la mesure de de l&#8217;\u00e9change \u00e9thique, qui Facilite l&#8217;acc\u00e8s \u00e0 des march\u00e9s o\u00f9 on trouve des articles d\u2019occasion et neuf \u00e0 bas prix sur une plateforme num\u00e9rique.<\/strong><\/em><\/blockquote>\r\n<p><strong><em>Si vous voulez en savoir plus sur rendez-vous sur les Cat\u00e9gories de ALMOQAYADA.Com et sur les r\u00e9seaux ALMOQAYADA:<\/em>\u00a0<\/strong><\/p>\r\n<!-- \/wp:paragraph -->\r\n\r\n<!-- wp:paragraph -->\r\n<p><strong>Je vous invite \u00e0 tester de publier vos annonces, l\u2019inscription est gratuite, A tr\u00e8s vite sur ALMOQAYADA.com<\/strong>.<\/p>","protected":false},"excerpt":{"rendered":"<p>Bonjour et Bienvenu sur ALMOQAYADA.\u00a0 \u00a0 La Plateforme ALMOQAYADA.com pour le commerce (Ventes- Achats) Et Marketing, est une plateforme d\u2019offres de services et de produits\u00a0au profit des entreprises et des particuliers, elle repr\u00e9sente un syst\u00e8me de collaboration et de mise en relation par lequel des biens et des services sont \u00e9chang\u00e9s directement contre d\u2019autres biens [&hellip;]<\/p>\n","protected":false},"author":1,"featured_media":0,"parent":0,"menu_order":0,"comment_status":"closed","ping_status":"closed","template":"","meta":{"footnotes":""},"class_list":["post-991","page","type-page","status-publish","hentry"],"yoast_head":"<!-- This site is optimized with the Yoast SEO plugin v26.9 - https:\/\/yoast.com\/product\/yoast-seo-wordpress\/ -->\n<title>comment_ca_marche - ALMOQAYADA<\/title>\n<meta name=\"robots\" content=\"index, follow, max-snippet:-1, max-image-preview:large, max-video-preview:-1\" \/>\n<link rel=\"canonical\" href=\"https:\/\/staging.almoqayada.com\/ar\/comment_ca_marche-2\/\" \/>\n<meta property=\"og:locale\" content=\"ar_AR\" \/>\n<meta property=\"og:type\" content=\"article\" \/>\n<meta property=\"og:title\" content=\"comment_ca_marche - ALMOQAYADA\" \/>\n<meta property=\"og:description\" content=\"Bonjour et Bienvenu sur ALMOQAYADA.\u00a0 \u00a0 La Plateforme ALMOQAYADA.com pour le commerce (Ventes- Achats) Et Marketing, est une plateforme d\u2019offres de services et de produits\u00a0au profit des entreprises et des particuliers, elle repr\u00e9sente un syst\u00e8me de collaboration et de mise en relation par lequel des biens et des services sont \u00e9chang\u00e9s directement contre d\u2019autres biens [&hellip;]\" \/>\n<meta property=\"og:url\" content=\"https:\/\/staging.almoqayada.com\/ar\/comment_ca_marche-2\/\" \/>\n<meta property=\"og:site_name\" content=\"ALMOQAYADA\" \/>\n<meta property=\"article:modified_time\" content=\"2022-09-19T21:56:24+00:00\" \/>\n<meta name=\"twitter:card\" content=\"summary_large_image\" \/>\n<meta name=\"twitter:label1\" content=\"\u0648\u0642\u062a \u0627\u0644\u0642\u0631\u0627\u0621\u0629 \u0627\u0644\u0645\u064f\u0642\u062f\u0651\u0631\" \/>\n\t<meta name=\"twitter:data1\" content=\"\u062f\u0642\u064a\u0642\u062a\u0627\u0646\" \/>\n<script type=\"application\/ld+json\" class=\"yoast-schema-graph\">{\"@context\":\"https:\/\/schema.org\",\"@graph\":[{\"@type\":\"WebPage\",\"@id\":\"https:\/\/staging.almoqayada.com\/comment_ca_marche-2\/\",\"url\":\"https:\/\/staging.almoqayada.com\/comment_ca_marche-2\/\",\"name\":\"comment_ca_marche - ALMOQAYADA\",\"isPartOf\":{\"@id\":\"https:\/\/staging.almoqayada.com\/#website\"},\"datePublished\":\"2017-10-23T13:13:03+00:00\",\"dateModified\":\"2022-09-19T21:56:24+00:00\",\"breadcrumb\":{\"@id\":\"https:\/\/staging.almoqayada.com\/comment_ca_marche-2\/#breadcrumb\"},\"inLanguage\":\"ar\",\"potentialAction\":[{\"@type\":\"ReadAction\",\"target\":[\"https:\/\/staging.almoqayada.com\/comment_ca_marche-2\/\"]}]},{\"@type\":\"BreadcrumbList\",\"@id\":\"https:\/\/staging.almoqayada.com\/comment_ca_marche-2\/#breadcrumb\",\"itemListElement\":[{\"@type\":\"ListItem\",\"position\":1,\"name\":\"Accueil\",\"item\":\"https:\/\/staging.almoqayada.com\/\"},{\"@type\":\"ListItem\",\"position\":2,\"name\":\"comment_ca_marche\"}]},{\"@type\":\"WebSite\",\"@id\":\"https:\/\/staging.almoqayada.com\/#website\",\"url\":\"https:\/\/staging.almoqayada.com\/\",\"name\":\"ALMOQAYADA\",\"description\":\"La Plateforme Collaborative N\u00b01 de Troc et de vente d&#039;occasion au Maroc\",\"publisher\":{\"@id\":\"https:\/\/staging.almoqayada.com\/#organization\"},\"potentialAction\":[{\"@type\":\"SearchAction\",\"target\":{\"@type\":\"EntryPoint\",\"urlTemplate\":\"https:\/\/staging.almoqayada.com\/?s={search_term_string}\"},\"query-input\":{\"@type\":\"PropertyValueSpecification\",\"valueRequired\":true,\"valueName\":\"search_term_string\"}}],\"inLanguage\":\"ar\"},{\"@type\":\"Organization\",\"@id\":\"https:\/\/staging.almoqayada.com\/#organization\",\"name\":\"ALMOQAYADA\",\"url\":\"https:\/\/staging.almoqayada.com\/\",\"logo\":{\"@type\":\"ImageObject\",\"inLanguage\":\"ar\",\"@id\":\"https:\/\/staging.almoqayada.com\/#\/schema\/logo\/image\/\",\"url\":\"https:\/\/staging.almoqayada.com\/wp-content\/uploads\/2022\/03\/MoQaYaDa_11_-Vaste2300x400.png\",\"contentUrl\":\"https:\/\/staging.almoqayada.com\/wp-content\/uploads\/2022\/03\/MoQaYaDa_11_-Vaste2300x400.png\",\"width\":2300,\"height\":400,\"caption\":\"ALMOQAYADA\"},\"image\":{\"@id\":\"https:\/\/staging.almoqayada.com\/#\/schema\/logo\/image\/\"}}]}<\/script>\n<!-- \/ Yoast SEO plugin. -->","yoast_head_json":{"title":"comment_ca_marche - ALMOQAYADA","robots":{"index":"index","follow":"follow","max-snippet":"max-snippet:-1","max-image-preview":"max-image-preview:large","max-video-preview":"max-video-preview:-1"},"canonical":"https:\/\/staging.almoqayada.com\/ar\/comment_ca_marche-2\/","og_locale":"ar_AR","og_type":"article","og_title":"comment_ca_marche - ALMOQAYADA","og_description":"Bonjour et Bienvenu sur ALMOQAYADA.\u00a0 \u00a0 La Plateforme ALMOQAYADA.com pour le commerce (Ventes- Achats) Et Marketing, est une plateforme d\u2019offres de services et de produits\u00a0au profit des entreprises et des particuliers, elle repr\u00e9sente un syst\u00e8me de collaboration et de mise en relation par lequel des biens et des services sont \u00e9chang\u00e9s directement contre d\u2019autres biens [&hellip;]","og_url":"https:\/\/staging.almoqayada.com\/ar\/comment_ca_marche-2\/","og_site_name":"ALMOQAYADA","article_modified_time":"2022-09-19T21:56:24+00:00","twitter_card":"summary_large_image","twitter_misc":{"\u0648\u0642\u062a \u0627\u0644\u0642\u0631\u0627\u0621\u0629 \u0627\u0644\u0645\u064f\u0642\u062f\u0651\u0631":"\u062f\u0642\u064a\u0642\u062a\u0627\u0646"},"schema":{"@context":"https:\/\/schema.org","@graph":[{"@type":"WebPage","@id":"https:\/\/staging.almoqayada.com\/comment_ca_marche-2\/","url":"https:\/\/staging.almoqayada.com\/comment_ca_marche-2\/","name":"comment_ca_marche - ALMOQAYADA","isPartOf":{"@id":"https:\/\/staging.almoqayada.com\/#website"},"datePublished":"2017-10-23T13:13:03+00:00","dateModified":"2022-09-19T21:56:24+00:00","breadcrumb":{"@id":"https:\/\/staging.almoqayada.com\/comment_ca_marche-2\/#breadcrumb"},"inLanguage":"ar","potentialAction":[{"@type":"ReadAction","target":["https:\/\/staging.almoqayada.com\/comment_ca_marche-2\/"]}]},{"@type":"BreadcrumbList","@id":"https:\/\/staging.almoqayada.com\/comment_ca_marche-2\/#breadcrumb","itemListElement":[{"@type":"ListItem","position":1,"name":"Accueil","item":"https:\/\/staging.almoqayada.com\/"},{"@type":"ListItem","position":2,"name":"comment_ca_marche"}]},{"@type":"WebSite","@id":"https:\/\/staging.almoqayada.com\/#website","url":"https:\/\/staging.almoqayada.com\/","name":"ALMOQAYADA","description":"La Plateforme Collaborative N\u00b01 de Troc et de vente d&#039;occasion au Maroc","publisher":{"@id":"https:\/\/staging.almoqayada.com\/#organization"},"potentialAction":[{"@type":"SearchAction","target":{"@type":"EntryPoint","urlTemplate":"https:\/\/staging.almoqayada.com\/?s={search_term_string}"},"query-input":{"@type":"PropertyValueSpecification","valueRequired":true,"valueName":"search_term_string"}}],"inLanguage":"ar"},{"@type":"Organization","@id":"https:\/\/staging.almoqayada.com\/#organization","name":"ALMOQAYADA","url":"https:\/\/staging.almoqayada.com\/","logo":{"@type":"ImageObject","inLanguage":"ar","@id":"https:\/\/staging.almoqayada.com\/#\/schema\/logo\/image\/","url":"https:\/\/staging.almoqayada.com\/wp-content\/uploads\/2022\/03\/MoQaYaDa_11_-Vaste2300x400.png","contentUrl":"https:\/\/staging.almoqayada.com\/wp-content\/uploads\/2022\/03\/MoQaYaDa_11_-Vaste2300x400.png","width":2300,"height":400,"caption":"ALMOQAYADA"},"image":{"@id":"https:\/\/staging.almoqayada.com\/#\/schema\/logo\/image\/"}}]}},"jetpack_sharing_enabled":true,"_links":{"self":[{"href":"https:\/\/staging.almoqayada.com\/ar\/wp-json\/wp\/v2\/pages\/991","targetHints":{"allow":["GET"]}}],"collection":[{"href":"https:\/\/staging.almoqayada.com\/ar\/wp-json\/wp\/v2\/pages"}],"about":[{"href":"https:\/\/staging.almoqayada.com\/ar\/wp-json\/wp\/v2\/types\/page"}],"author":[{"embeddable":true,"href":"https:\/\/staging.almoqayada.com\/ar\/wp-json\/wp\/v2\/users\/1"}],"replies":[{"embeddable":true,"href":"https:\/\/staging.almoqayada.com\/ar\/wp-json\/wp\/v2\/comments?post=991"}],"version-history":[{"count":2,"href":"https:\/\/staging.almoqayada.com\/ar\/wp-json\/wp\/v2\/pages\/991\/revisions"}],"predecessor-version":[{"id":3574,"href":"https:\/\/staging.almoqayada.com\/ar\/wp-json\/wp\/v2\/pages\/991\/revisions\/3574"}],"wp:attachment":[{"href":"https:\/\/staging.almoqayada.com\/ar\/wp-json\/wp\/v2\/media?parent=991"}],"curies":[{"name":"wp","href":"https:\/\/api.w.org\/{rel}","templated":true}]}}