{"id":3773,"date":"2022-10-11T00:21:40","date_gmt":"2022-10-10T23:21:40","guid":{"rendered":"https:\/\/staging.almoqayada.com\/appfr\/?post_type=product&#038;p=3773"},"modified":"2026-01-10T05:48:23","modified_gmt":"2026-01-10T04:48:23","slug":"bracelet-cuivre-pur-produit-class-%d8%b3%d9%88%d8%a7%d8%b1-%d9%85%d9%86-%d8%a7%d9%84%d9%86%d8%ad%d8%a7%d8%b3","status":"publish","type":"product","link":"https:\/\/staging.almoqayada.com\/ar\/product\/bracelet-cuivre-pur-produit-class-%d8%b3%d9%88%d8%a7%d8%b1-%d9%85%d9%86-%d8%a7%d9%84%d9%86%d8%ad%d8%a7%d8%b3\/","title":{"rendered":"Bracelet cuivre pur Produit Class \u0633\u0648\u0627\u0631 \u0645\u0646 \u0627\u0644\u0646\u062d\u0627\u0633"},"content":{"rendered":"<p>Bracelet pur en cuivre, torsad\u00e9s 3 fil ( \u0633\u0648\u0627\u0631 \u0645\u0646 \u0627\u0644\u0646\u062d\u0627\u0633 ) pour femme avec des propri\u00e9t\u00e9s anti-inflammatoires pour le confort articulaire et contre les probl\u00e8mes d&#8217;arthrite. nous vous conseillons de porter en permanence votre bracelet en cuivre torsad\u00e9 pour lutter contre l&#8217;ost\u00e9oporose. Pensez \u00e0 conserver votre bracelet en cuivre massif pour que le cuivre conserve sa couleur et que le bracelet conserve sa beaut\u00e9<\/p>","protected":false},"excerpt":{"rendered":"<p>Bracelet pur en cuivre, torsad\u00e9s 3 fil ( \u0633\u0648\u0627\u0631 \u0645\u0646 \u0627\u0644\u0646\u062d\u0627\u0633 ) pour femme avec des propri\u00e9t\u00e9s anti-inflammatoires pour le confort articulaire et contre les probl\u00e8mes d&#8217;arthrite. nous vous conseillons de porter en permanence votre bracelet en cuivre torsad\u00e9 pour lutter contre l&#8217;ost\u00e9oporose. Pensez \u00e0 conserver votre bracelet en cuivre massif pour que le cuivre [&hellip;]<\/p>\n","protected":false},"featured_media":3804,"comment_status":"open","ping_status":"closed","template":"","meta":[],"product_brand":[],"product_cat":[1697],"product_tag":[2055,2056,2057],"class_list":{"0":"post-3773","1":"product","2":"type-product","3":"status-publish","4":"has-post-thumbnail","6":"product_cat-boutic-et-soldes-produits","7":"product_tag-bracelet-cuivre-marrakech","8":"product_tag-bracelet-cuivre-2eme-main","9":"product_tag-bracelet-cuivre-occasion-marrakech","11":"first","12":"instock","13":"shipping-taxable","14":"purchasable","15":"product-type-simple"},"yoast_head":"<!-- This site is optimized with the Yoast SEO plugin v26.9 - https:\/\/yoast.com\/product\/yoast-seo-wordpress\/ -->\n<title>Bracelet cuivre pur Produit Class \u0633\u0648\u0627\u0631 \u0645\u0646 \u0627\u0644\u0646\u062d\u0627\u0633 - ALMOQAYADA<\/title>\n<meta name=\"robots\" content=\"index, follow, max-snippet:-1, max-image-preview:large, max-video-preview:-1\" \/>\n<link rel=\"canonical\" href=\"https:\/\/staging.almoqayada.com\/ar\/product\/bracelet-cuivre-pur-produit-class-\u0633\u0648\u0627\u0631-\u0645\u0646-\u0627\u0644\u0646\u062d\u0627\u0633\/\" \/>\n<meta property=\"og:locale\" content=\"ar_AR\" \/>\n<meta property=\"og:type\" content=\"article\" \/>\n<meta property=\"og:title\" content=\"Bracelet cuivre pur Produit Class \u0633\u0648\u0627\u0631 \u0645\u0646 \u0627\u0644\u0646\u062d\u0627\u0633 - ALMOQAYADA\" \/>\n<meta property=\"og:description\" content=\"Bracelet pur en cuivre, torsad\u00e9s 3 fil ( \u0633\u0648\u0627\u0631 \u0645\u0646 \u0627\u0644\u0646\u062d\u0627\u0633 ) pour femme avec des propri\u00e9t\u00e9s anti-inflammatoires pour le confort articulaire et contre les probl\u00e8mes d&#8217;arthrite. nous vous conseillons de porter en permanence votre bracelet en cuivre torsad\u00e9 pour lutter contre l&#8217;ost\u00e9oporose. Pensez \u00e0 conserver votre bracelet en cuivre massif pour que le cuivre [&hellip;]\" \/>\n<meta property=\"og:url\" content=\"https:\/\/staging.almoqayada.com\/ar\/product\/bracelet-cuivre-pur-produit-class-\u0633\u0648\u0627\u0631-\u0645\u0646-\u0627\u0644\u0646\u062d\u0627\u0633\/\" \/>\n<meta property=\"og:site_name\" content=\"ALMOQAYADA\" \/>\n<meta property=\"article:modified_time\" content=\"2026-01-10T04:48:23+00:00\" \/>\n<meta property=\"og:image\" content=\"https:\/\/staging.almoqayada.com\/wp-content\/uploads\/2022\/10\/Bracelet-cuivre.jpg\" \/>\n\t<meta property=\"og:image:width\" content=\"680\" \/>\n\t<meta property=\"og:image:height\" content=\"680\" \/>\n\t<meta property=\"og:image:type\" content=\"image\/jpeg\" \/>\n<meta name=\"twitter:card\" content=\"summary_large_image\" \/>\n<meta name=\"twitter:label1\" content=\"\u0648\u0642\u062a \u0627\u0644\u0642\u0631\u0627\u0621\u0629 \u0627\u0644\u0645\u064f\u0642\u062f\u0651\u0631\" \/>\n\t<meta name=\"twitter:data1\" content=\"\u062f\u0642\u064a\u0642\u0629 \u0648\u0627\u062d\u062f\u0629\" \/>\n<script type=\"application\/ld+json\" class=\"yoast-schema-graph\">{\"@context\":\"https:\/\/schema.org\",\"@graph\":[{\"@type\":\"WebPage\",\"@id\":\"https:\/\/staging.almoqayada.com\/produit\/bracelet-cuivre-pur-produit-class-%d8%b3%d9%88%d8%a7%d8%b1-%d9%85%d9%86-%d8%a7%d9%84%d9%86%d8%ad%d8%a7%d8%b3\/\",\"url\":\"https:\/\/staging.almoqayada.com\/produit\/bracelet-cuivre-pur-produit-class-%d8%b3%d9%88%d8%a7%d8%b1-%d9%85%d9%86-%d8%a7%d9%84%d9%86%d8%ad%d8%a7%d8%b3\/\",\"name\":\"Bracelet cuivre pur Produit Class \u0633\u0648\u0627\u0631 \u0645\u0646 \u0627\u0644\u0646\u062d\u0627\u0633 - ALMOQAYADA\",\"isPartOf\":{\"@id\":\"https:\/\/staging.almoqayada.com\/#website\"},\"primaryImageOfPage\":{\"@id\":\"https:\/\/staging.almoqayada.com\/produit\/bracelet-cuivre-pur-produit-class-%d8%b3%d9%88%d8%a7%d8%b1-%d9%85%d9%86-%d8%a7%d9%84%d9%86%d8%ad%d8%a7%d8%b3\/#primaryimage\"},\"image\":{\"@id\":\"https:\/\/staging.almoqayada.com\/produit\/bracelet-cuivre-pur-produit-class-%d8%b3%d9%88%d8%a7%d8%b1-%d9%85%d9%86-%d8%a7%d9%84%d9%86%d8%ad%d8%a7%d8%b3\/#primaryimage\"},\"thumbnailUrl\":\"https:\/\/staging.almoqayada.com\/wp-content\/uploads\/2022\/10\/Bracelet-cuivre.jpg\",\"datePublished\":\"2022-10-10T23:21:40+00:00\",\"dateModified\":\"2026-01-10T04:48:23+00:00\",\"breadcrumb\":{\"@id\":\"https:\/\/staging.almoqayada.com\/produit\/bracelet-cuivre-pur-produit-class-%d8%b3%d9%88%d8%a7%d8%b1-%d9%85%d9%86-%d8%a7%d9%84%d9%86%d8%ad%d8%a7%d8%b3\/#breadcrumb\"},\"inLanguage\":\"ar\",\"potentialAction\":[{\"@type\":\"ReadAction\",\"target\":[\"https:\/\/staging.almoqayada.com\/produit\/bracelet-cuivre-pur-produit-class-%d8%b3%d9%88%d8%a7%d8%b1-%d9%85%d9%86-%d8%a7%d9%84%d9%86%d8%ad%d8%a7%d8%b3\/\"]}]},{\"@type\":\"ImageObject\",\"inLanguage\":\"ar\",\"@id\":\"https:\/\/staging.almoqayada.com\/produit\/bracelet-cuivre-pur-produit-class-%d8%b3%d9%88%d8%a7%d8%b1-%d9%85%d9%86-%d8%a7%d9%84%d9%86%d8%ad%d8%a7%d8%b3\/#primaryimage\",\"url\":\"https:\/\/staging.almoqayada.com\/wp-content\/uploads\/2022\/10\/Bracelet-cuivre.jpg\",\"contentUrl\":\"https:\/\/staging.almoqayada.com\/wp-content\/uploads\/2022\/10\/Bracelet-cuivre.jpg\",\"width\":680,\"height\":680},{\"@type\":\"BreadcrumbList\",\"@id\":\"https:\/\/staging.almoqayada.com\/produit\/bracelet-cuivre-pur-produit-class-%d8%b3%d9%88%d8%a7%d8%b1-%d9%85%d9%86-%d8%a7%d9%84%d9%86%d8%ad%d8%a7%d8%b3\/#breadcrumb\",\"itemListElement\":[{\"@type\":\"ListItem\",\"position\":1,\"name\":\"Accueil\",\"item\":\"https:\/\/staging.almoqayada.com\/\"},{\"@type\":\"ListItem\",\"position\":2,\"name\":\"Shop\",\"item\":\"https:\/\/staging.almoqayada.com\/shop\/\"},{\"@type\":\"ListItem\",\"position\":3,\"name\":\"Bracelet cuivre pur Produit Class \u0633\u0648\u0627\u0631 \u0645\u0646 \u0627\u0644\u0646\u062d\u0627\u0633\"}]},{\"@type\":\"WebSite\",\"@id\":\"https:\/\/staging.almoqayada.com\/#website\",\"url\":\"https:\/\/staging.almoqayada.com\/\",\"name\":\"ALMOQAYADA\",\"description\":\"La Plateforme Collaborative N\u00b01 de Troc et de vente d&#039;occasion au Maroc\",\"publisher\":{\"@id\":\"https:\/\/staging.almoqayada.com\/#organization\"},\"potentialAction\":[{\"@type\":\"SearchAction\",\"target\":{\"@type\":\"EntryPoint\",\"urlTemplate\":\"https:\/\/staging.almoqayada.com\/?s={search_term_string}\"},\"query-input\":{\"@type\":\"PropertyValueSpecification\",\"valueRequired\":true,\"valueName\":\"search_term_string\"}}],\"inLanguage\":\"ar\"},{\"@type\":\"Organization\",\"@id\":\"https:\/\/staging.almoqayada.com\/#organization\",\"name\":\"ALMOQAYADA\",\"url\":\"https:\/\/staging.almoqayada.com\/\",\"logo\":{\"@type\":\"ImageObject\",\"inLanguage\":\"ar\",\"@id\":\"https:\/\/staging.almoqayada.com\/#\/schema\/logo\/image\/\",\"url\":\"https:\/\/staging.almoqayada.com\/wp-content\/uploads\/2022\/03\/MoQaYaDa_11_-Vaste2300x400.png\",\"contentUrl\":\"https:\/\/staging.almoqayada.com\/wp-content\/uploads\/2022\/03\/MoQaYaDa_11_-Vaste2300x400.png\",\"width\":2300,\"height\":400,\"caption\":\"ALMOQAYADA\"},\"image\":{\"@id\":\"https:\/\/staging.almoqayada.com\/#\/schema\/logo\/image\/\"}}]}<\/script>\n<!-- \/ Yoast SEO plugin. -->","yoast_head_json":{"title":"Bracelet cuivre pur Produit Class \u0633\u0648\u0627\u0631 \u0645\u0646 \u0627\u0644\u0646\u062d\u0627\u0633 - ALMOQAYADA","robots":{"index":"index","follow":"follow","max-snippet":"max-snippet:-1","max-image-preview":"max-image-preview:large","max-video-preview":"max-video-preview:-1"},"canonical":"https:\/\/staging.almoqayada.com\/ar\/product\/bracelet-cuivre-pur-produit-class-\u0633\u0648\u0627\u0631-\u0645\u0646-\u0627\u0644\u0646\u062d\u0627\u0633\/","og_locale":"ar_AR","og_type":"article","og_title":"Bracelet cuivre pur Produit Class \u0633\u0648\u0627\u0631 \u0645\u0646 \u0627\u0644\u0646\u062d\u0627\u0633 - ALMOQAYADA","og_description":"Bracelet pur en cuivre, torsad\u00e9s 3 fil ( \u0633\u0648\u0627\u0631 \u0645\u0646 \u0627\u0644\u0646\u062d\u0627\u0633 ) pour femme avec des propri\u00e9t\u00e9s anti-inflammatoires pour le confort articulaire et contre les probl\u00e8mes d&#8217;arthrite. nous vous conseillons de porter en permanence votre bracelet en cuivre torsad\u00e9 pour lutter contre l&#8217;ost\u00e9oporose. Pensez \u00e0 conserver votre bracelet en cuivre massif pour que le cuivre [&hellip;]","og_url":"https:\/\/staging.almoqayada.com\/ar\/product\/bracelet-cuivre-pur-produit-class-\u0633\u0648\u0627\u0631-\u0645\u0646-\u0627\u0644\u0646\u062d\u0627\u0633\/","og_site_name":"ALMOQAYADA","article_modified_time":"2026-01-10T04:48:23+00:00","og_image":[{"width":680,"height":680,"url":"https:\/\/staging.almoqayada.com\/wp-content\/uploads\/2022\/10\/Bracelet-cuivre.jpg","type":"image\/jpeg"}],"twitter_card":"summary_large_image","twitter_misc":{"\u0648\u0642\u062a \u0627\u0644\u0642\u0631\u0627\u0621\u0629 \u0627\u0644\u0645\u064f\u0642\u062f\u0651\u0631":"\u062f\u0642\u064a\u0642\u0629 \u0648\u0627\u062d\u062f\u0629"},"schema":{"@context":"https:\/\/schema.org","@graph":[{"@type":"WebPage","@id":"https:\/\/staging.almoqayada.com\/produit\/bracelet-cuivre-pur-produit-class-%d8%b3%d9%88%d8%a7%d8%b1-%d9%85%d9%86-%d8%a7%d9%84%d9%86%d8%ad%d8%a7%d8%b3\/","url":"https:\/\/staging.almoqayada.com\/produit\/bracelet-cuivre-pur-produit-class-%d8%b3%d9%88%d8%a7%d8%b1-%d9%85%d9%86-%d8%a7%d9%84%d9%86%d8%ad%d8%a7%d8%b3\/","name":"Bracelet cuivre pur Produit Class \u0633\u0648\u0627\u0631 \u0645\u0646 \u0627\u0644\u0646\u062d\u0627\u0633 - ALMOQAYADA","isPartOf":{"@id":"https:\/\/staging.almoqayada.com\/#website"},"primaryImageOfPage":{"@id":"https:\/\/staging.almoqayada.com\/produit\/bracelet-cuivre-pur-produit-class-%d8%b3%d9%88%d8%a7%d8%b1-%d9%85%d9%86-%d8%a7%d9%84%d9%86%d8%ad%d8%a7%d8%b3\/#primaryimage"},"image":{"@id":"https:\/\/staging.almoqayada.com\/produit\/bracelet-cuivre-pur-produit-class-%d8%b3%d9%88%d8%a7%d8%b1-%d9%85%d9%86-%d8%a7%d9%84%d9%86%d8%ad%d8%a7%d8%b3\/#primaryimage"},"thumbnailUrl":"https:\/\/staging.almoqayada.com\/wp-content\/uploads\/2022\/10\/Bracelet-cuivre.jpg","datePublished":"2022-10-10T23:21:40+00:00","dateModified":"2026-01-10T04:48:23+00:00","breadcrumb":{"@id":"https:\/\/staging.almoqayada.com\/produit\/bracelet-cuivre-pur-produit-class-%d8%b3%d9%88%d8%a7%d8%b1-%d9%85%d9%86-%d8%a7%d9%84%d9%86%d8%ad%d8%a7%d8%b3\/#breadcrumb"},"inLanguage":"ar","potentialAction":[{"@type":"ReadAction","target":["https:\/\/staging.almoqayada.com\/produit\/bracelet-cuivre-pur-produit-class-%d8%b3%d9%88%d8%a7%d8%b1-%d9%85%d9%86-%d8%a7%d9%84%d9%86%d8%ad%d8%a7%d8%b3\/"]}]},{"@type":"ImageObject","inLanguage":"ar","@id":"https:\/\/staging.almoqayada.com\/produit\/bracelet-cuivre-pur-produit-class-%d8%b3%d9%88%d8%a7%d8%b1-%d9%85%d9%86-%d8%a7%d9%84%d9%86%d8%ad%d8%a7%d8%b3\/#primaryimage","url":"https:\/\/staging.almoqayada.com\/wp-content\/uploads\/2022\/10\/Bracelet-cuivre.jpg","contentUrl":"https:\/\/staging.almoqayada.com\/wp-content\/uploads\/2022\/10\/Bracelet-cuivre.jpg","width":680,"height":680},{"@type":"BreadcrumbList","@id":"https:\/\/staging.almoqayada.com\/produit\/bracelet-cuivre-pur-produit-class-%d8%b3%d9%88%d8%a7%d8%b1-%d9%85%d9%86-%d8%a7%d9%84%d9%86%d8%ad%d8%a7%d8%b3\/#breadcrumb","itemListElement":[{"@type":"ListItem","position":1,"name":"Accueil","item":"https:\/\/staging.almoqayada.com\/"},{"@type":"ListItem","position":2,"name":"Shop","item":"https:\/\/staging.almoqayada.com\/shop\/"},{"@type":"ListItem","position":3,"name":"Bracelet cuivre pur Produit Class \u0633\u0648\u0627\u0631 \u0645\u0646 \u0627\u0644\u0646\u062d\u0627\u0633"}]},{"@type":"WebSite","@id":"https:\/\/staging.almoqayada.com\/#website","url":"https:\/\/staging.almoqayada.com\/","name":"ALMOQAYADA","description":"La Plateforme Collaborative N\u00b01 de Troc et de vente d&#039;occasion au Maroc","publisher":{"@id":"https:\/\/staging.almoqayada.com\/#organization"},"potentialAction":[{"@type":"SearchAction","target":{"@type":"EntryPoint","urlTemplate":"https:\/\/staging.almoqayada.com\/?s={search_term_string}"},"query-input":{"@type":"PropertyValueSpecification","valueRequired":true,"valueName":"search_term_string"}}],"inLanguage":"ar"},{"@type":"Organization","@id":"https:\/\/staging.almoqayada.com\/#organization","name":"ALMOQAYADA","url":"https:\/\/staging.almoqayada.com\/","logo":{"@type":"ImageObject","inLanguage":"ar","@id":"https:\/\/staging.almoqayada.com\/#\/schema\/logo\/image\/","url":"https:\/\/staging.almoqayada.com\/wp-content\/uploads\/2022\/03\/MoQaYaDa_11_-Vaste2300x400.png","contentUrl":"https:\/\/staging.almoqayada.com\/wp-content\/uploads\/2022\/03\/MoQaYaDa_11_-Vaste2300x400.png","width":2300,"height":400,"caption":"ALMOQAYADA"},"image":{"@id":"https:\/\/staging.almoqayada.com\/#\/schema\/logo\/image\/"}}]}},"jetpack_sharing_enabled":true,"_links":{"self":[{"href":"https:\/\/staging.almoqayada.com\/ar\/wp-json\/wp\/v2\/product\/3773","targetHints":{"allow":["GET"]}}],"collection":[{"href":"https:\/\/staging.almoqayada.com\/ar\/wp-json\/wp\/v2\/product"}],"about":[{"href":"https:\/\/staging.almoqayada.com\/ar\/wp-json\/wp\/v2\/types\/product"}],"replies":[{"embeddable":true,"href":"https:\/\/staging.almoqayada.com\/ar\/wp-json\/wp\/v2\/comments?post=3773"}],"wp:featuredmedia":[{"embeddable":true,"href":"https:\/\/staging.almoqayada.com\/ar\/wp-json\/wp\/v2\/media\/3804"}],"wp:attachment":[{"href":"https:\/\/staging.almoqayada.com\/ar\/wp-json\/wp\/v2\/media?parent=3773"}],"wp:term":[{"taxonomy":"product_brand","embeddable":true,"href":"https:\/\/staging.almoqayada.com\/ar\/wp-json\/wp\/v2\/product_brand?post=3773"},{"taxonomy":"product_cat","embeddable":true,"href":"https:\/\/staging.almoqayada.com\/ar\/wp-json\/wp\/v2\/product_cat?post=3773"},{"taxonomy":"product_tag","embeddable":true,"href":"https:\/\/staging.almoqayada.com\/ar\/wp-json\/wp\/v2\/product_tag?post=3773"}],"curies":[{"name":"wp","href":"https:\/\/api.w.org\/{rel}","templated":true}]}}